{"id":2119,"date":"2025-09-19T13:07:11","date_gmt":"2025-09-19T13:07:11","guid":{"rendered":"https:\/\/partsmastery.com\/?page_id=2119"},"modified":"2026-04-03T07:08:32","modified_gmt":"2026-04-03T07:08:32","slug":"acrylic-cnc-machining","status":"publish","type":"page","link":"https:\/\/partsmastery.com\/fr\/materials\/cnc-machining-plastics\/acrylic-cnc-machining\/","title":{"rendered":"Usinage CNC de l'acrylique"},"content":{"rendered":"<div data-elementor-type=\"wp-page\" data-elementor-id=\"2119\" class=\"elementor elementor-2119\" data-elementor-post-type=\"page\">\n\t\t\t\t<div class=\"elementor-element elementor-element-5afe19c e-con-full e-flex e-con e-parent\" data-id=\"5afe19c\" data-element_type=\"container\" data-e-type=\"container\" data-settings=\"{&quot;background_background&quot;:&quot;classic&quot;}\">\n\t\t<div class=\"elementor-element elementor-element-678ceb2 e-flex e-con-boxed e-con e-child\" data-id=\"678ceb2\" data-element_type=\"container\" data-e-type=\"container\">\n\t\t\t\t\t<div class=\"e-con-inner\">\n\t\t\t\t<div class=\"elementor-element elementor-element-d5682bd elementor-widget elementor-widget-pp-breadcrumbs\" data-id=\"d5682bd\" data-element_type=\"widget\" data-e-type=\"widget\" data-settings=\"{&quot;breadcrumbs_type&quot;:&quot;powerpack&quot;}\" data-widget_type=\"pp-breadcrumbs.default\">\n\t\t\t\t\t<ul class=\"pp-breadcrumbs pp-breadcrumbs-powerpack\">\t\t<li class=\"pp-breadcrumbs-item pp-breadcrumbs-item-home\">\n\t\t\t<a class=\"pp-breadcrumbs-crumb pp-breadcrumbs-crumb-link pp-breadcrumbs-crumb-home\" href=\"https:\/\/partsmastery.com\/fr\" title=\"Accueil\">\n\t\t\t\t<span class=\"pp-breadcrumbs-text\">\n\t\t\t\t\t\t\t\t\t\t\t<span class=\"pp-icon\">\n\t\t\t\t\t\t\t<svg aria-hidden=\"true\" class=\"e-font-icon-svg e-fas-home\" viewbox=\"0 0 576 512\" xmlns=\"http:\/\/www.w3.org\/2000\/svg\"><path d=\"M280.37 148.26L96 300.11V464a16 16 0 0 0 16 16l112.06-.29a16 16 0 0 0 15.92-16V368a16 16 0 0 1 16-16h64a16 16 0 0 1 16 16v95.64a16 16 0 0 0 16 16.05L464 480a16 16 0 0 0 16-16V300L295.67 148.26a12.19 12.19 0 0 0-15.3 0zM571.6 251.47L488 182.56V44.05a12 12 0 0 0-12-12h-56a12 12 0 0 0-12 12v72.61L318.47 43a48 48 0 0 0-61 0L4.34 251.47a12 12 0 0 0-1.6 16.9l25.5 31A12 12 0 0 0 45.15 301l235.22-193.74a12.19 12.19 0 0 1 15.3 0L530.9 301a12 12 0 0 0 16.9-1.6l25.5-31a12 12 0 0 0-1.7-16.93z\"><\/path><\/svg>\t\t\t\t\t\t<\/span>\n\t\t\t\t\t\t\t\t\t\tAccueil\t\t\t\t<\/span>\n\t\t\t<\/a>\n\t\t<\/li>\n\t\t<li class=\"pp-breadcrumbs-separator\"><span class=\"pp-breadcrumbs-separator-text\">-<\/span><\/li><\/ul>\t\t\t\t<\/div>\n\t\t\t\t\t<\/div>\n\t\t\t\t<\/div>\n\t\t\t\t<\/div>\n\t\t<div class=\"elementor-element elementor-element-2fb0071 e-flex e-con-boxed e-con e-parent\" data-id=\"2fb0071\" data-element_type=\"container\" data-e-type=\"container\">\n\t\t\t\t\t<div class=\"e-con-inner\">\n\t\t\t\t<div class=\"elementor-element elementor-element-f24ffb5 elementor-widget elementor-widget-html\" data-id=\"f24ffb5\" data-element_type=\"widget\" data-e-type=\"widget\" data-widget_type=\"html.default\">\n\t\t\t\t\t  <link rel=\"stylesheet\" href=\"\/static\/css\/swiper.min.css\">    \r\n  <link rel=\"stylesheet\" href=\"\/static\/css\/bootstrap.min.css\">\r\n  <link rel=\"stylesheet\" href=\"\/static\/css\/animate.min.css\">\r\n  <link rel=\"stylesheet\" href=\"\/static\/css\/reset.css\">\r\n  <link rel=\"stylesheet\" href=\"\/static\/css\/common.css\">\r\n    <link href=\"\/static\/css\/page.css\" rel=\"stylesheet\" type=\"text\/css\" \/>\r\n    <link rel=\"stylesheet\" href=\"\/static\/css\/responsive.css\">\r\n  <script src=\"\/static\/js\/jquery.min.js\"><\/script>\r\n  <script src=\"\/static\/js\/jquery.cookie.js\"><\/script> \r\n  <script src=\"\/static\/js\/swiper.min.js\"><\/script>\r\n  <script src=\"\/static\/js\/wow.min.js\"><\/script> \r\n  <script src=\"\/static\/js\/bootstrap.min.js\"><\/script>\r\n  <script src=\"\/static\/js\/function.js\"><\/script>\r\n  \r\n<div class=\"page-content\">\r\n    <div class=\"auto-container content-box\">\r\n        <div class=\"list-content\" style=\"width:100%;\">\r\n            <div class=\"about-info\">\r\n                                <div class=\"row\">\r\n<div class=\"col-xs-12 col-sm-6\">\r\n<h1 style=\"font-size: 42px; text-align: center;\">Usinage CNC de l'acrylique<\/h1>\r\n\r\n<p>&nbsp;<\/p>\r\n\r\n<p>L'acrylique, abr\u00e9g\u00e9 en PMMA, est un polym\u00e8re thermoplastique transparent, qui est de loin la texture la plus excellente des mat\u00e9riaux synth\u00e9tiques transparents, avec les avantages d'une grande transparence, d'un prix bas, d'un traitement m\u00e9canique facile, etc. Il s'agit d'un mat\u00e9riau alternatif au verre et peut \u00e9galement \u00eatre appel\u00e9 plexiglas.<\/p>\r\n\r\n<p>&nbsp;<\/p>\r\n\r\n<p>Les pi\u00e8ces acryliques usin\u00e9es CNC sont utilis\u00e9es dans tous les domaines de notre vie quotidienne. Elles sont notamment utilis\u00e9es dans l'industrie automobile, les \u00e9quipements m\u00e9dicaux, l'\u00e9lectronique grand public, les machines et les \u00e9quipements.<\/p>\r\n\r\n<p>&nbsp;<\/p>\r\n\r\n<p style=\"text-align: center;\"><br \/>\r\n<a href=\"\/fr\/get-a-quote\/\"><span style=\"color:#FFFFFF;\"><span class=\"btn btn-lg strong\" style=\"background-color: #42acde;\" type=\"button\">En savoir plus Mat\u00e9riau ABS<\/span><\/span><\/a><\/p>\r\n<\/div>\r\n\r\n<div class=\"col-xs-12 col-sm-6 image-center\" style=\"text-align: center;\"><img decoding=\"async\" alt=\"\" src=\"\/static\/picture\/202303201428567448.jpg\" style=\"width: 68%;\" \/><\/div>\r\n<\/div>\r\n\r\n<p>&nbsp;<\/p>\r\n\r\n<p>&nbsp;<\/p>\r\n\r\n<div class=\"row\">\r\n<h2 style=\"font-size: 32px; text-align: center;\">Choix de l'acrylique pour la fabrication<\/h2>\r\n<\/div>\r\n\r\n<p>&nbsp;<\/p>\r\n\r\n<div class=\"swiper-container swiper-whychooseus swiper-container-horizontal swiper-container-multirow\">\r\n<div class=\"swiper-wrapper\" style=\"width: 1065px;\">\r\n<div class=\"swiper-slide swiper-slide-active\" data-swiper-column=\"0\" data-swiper-row=\"0\" style=\"width: 452.5px; margin-right: 80px;\"><img decoding=\"async\" alt=\"oem parts manufacturer \" src=\"\/static\/picture\/202302101604408072.png\" style=\"width: 50px; height: 50px;\" \/>\r\n<div class=\"textbox\">\r\n<h3 style=\"height:50px;\">Haute transmission de la lumi\u00e8re<\/h3>\r\n\r\n<p>La transmission lumineuse du verre ordinaire est g\u00e9n\u00e9ralement comprise entre 82 et 83%, tandis que la transmission lumineuse du panneau transparent en verre super blanc de 6 mm est comprise entre 90% et 92%.<\/p>\r\n<\/div>\r\n<\/div>\r\n\r\n<div class=\"swiper-slide swiper-slide-next\" data-swiper-column=\"1\" data-swiper-row=\"0\" style=\"width: 452.5px; margin-right: 80px;\"><img decoding=\"async\" alt=\"oem parts manufacturer \" src=\"\/static\/picture\/202302101607499500.png\" style=\"width: 50px; height: 50px;\" \/>\r\n<div class=\"textbox\">\r\n<h3 style=\"height:50px;\">Faible densit\u00e9 et qualit\u00e9 de la lumi\u00e8re<\/h3>\r\n\r\n<p>L'acrylique est un mat\u00e9riau assez l\u00e9ger, sa densit\u00e9 n'est que de 1,17 ~ 1,20g\/cm\u00b3, soit environ 50% du verre ordinaire et 43% du m\u00e9tal aluminium.<\/p>\r\n<\/div>\r\n<\/div>\r\n\r\n<div class=\"swiper-slide\" data-swiper-column=\"0\" data-swiper-row=\"1\" style=\"margin-top: 80px; width: 452.5px; margin-right: 80px;\"><img decoding=\"async\" alt=\"oem parts manufacturer \" src=\"\/static\/picture\/202302101605454282.png\" style=\"height: 50px; width: 50px;\" \/>\r\n<div class=\"textbox\">\r\n<h3 style=\"height:50px;\">Forte r\u00e9sistance aux chocs<\/h3>\r\n\r\n<p>Seize fois plus r\u00e9sistant que le verre ordinaire, il n'y a pratiquement aucun risque de fracture.<\/p>\r\n<\/div>\r\n<\/div>\r\n\r\n<div class=\"swiper-slide\" data-swiper-column=\"1\" data-swiper-row=\"1\" style=\"margin-top: 80px; width: 452.5px; margin-right: 80px;\"><img decoding=\"async\" alt=\"oem parts manufacturer \" src=\"\/static\/picture\/202302101606068407.png\" style=\"width: 50px; height: 50px;\" \/>\r\n<div class=\"textbox\">\r\n<h3 style=\"height:50px;\">Mat\u00e9riau d'isolation<\/h3>\r\n\r\n<p>L'acrylique poss\u00e8de une excellente isolation \u00e9lectrique, dans de nombreux produits \u00e9lectroniques, il est utilis\u00e9 comme isolant pour les petits composants.<\/p>\r\n<\/div>\r\n<\/div>\r\n<\/div>\r\n\r\n<div class=\"swiper-pagination whychooseus-pagination\">&nbsp;<\/div>\r\n<\/div>\r\n\r\n<p><script> \r\n\t\t\t\t\t\t\t\tvar whychooseus = new Swiper('.swiper-whychooseus', {\r\n\t\t\t\t\t\t\t\t\tautoplay: 5000,\r\n\t\t\t\t\t\t\t\t\tslidesPerView : 2,\r\n\t\t\t\t\t\t\t\t\tslidesPerColumn : 2,\r\n\t\t\t\t\t\t\t\t\tslidesPerColumnFill : 'row',\r\n\t\t\t\t\t\t\t\t\tspaceBetween : 80,\r\n\t\t\t\t\t\t\t\t\tbreakpoints: { \r\n\t\t\t\t\t\t\t\t\t\t640: {\r\n\t\t\t\t\t\t\t\t\t\t\tslidesPerView : 1,\r\n\t\t\t\t\t\t\t\t\t\t\tslidesPerColumn : 2,\r\n\t\t\t\t\t\t\t\t\t\t\tspaceBetween : 0,\r\n\t\t\t\t\t\t\t\t\t\t\tpagination : '.whychooseus-pagination',\r\n\t\t\t\t\t\t\t\t\t\t}\r\n\t\t\t\t\t\t\t\t\t},\r\n\t\t\t\t\t\t\t\t});\r\n\t\t\t\t\t\t\t<\/script><\/p>\r\n\r\n<p>&nbsp;<\/p>\r\n\r\n<p>&nbsp;<\/p>\r\n\r\n<div class=\"row\">\r\n<div class=\"col-xs-12 col-sm-4\">\r\n<div style=\"background-color: rgb(238, 238, 238);\">\r\n<p><span style=\"font-size:36px;\"><span style=\"color:#FFFFFF;\"><span class=\"btn btn-lg strong\" style=\"background-color: rgb(250, 166, 10);\" type=\"button\"><a href=\"\/fr\/get-a-quote\/\"><img decoding=\"async\" alt=\"\" src=\"\/static\/picture\/202303201356492421.jpg\" style=\"width: 90%;\" \/><\/a><\/span><\/span><\/span><\/p>\r\n<\/div>\r\n<\/div>\r\n\r\n<div class=\"col-xs-12 col-sm-8\">\r\n<div style=\"background-color: rgb(238, 238, 238);\">\r\n<p style=\"text-align: center;\"><span style=\"font-size:36px;\"><strong>Essayez CNCTERMIT maintenant !<\/strong><\/span><\/p>\r\n\r\n<p>&nbsp;<\/p>\r\n\r\n<p>&nbsp;<\/p>\r\n\r\n<p>&nbsp;<\/p>\r\n\r\n<p style=\"text-align: center;\">En tant que fabricant professionnel de pi\u00e8ces acryliques, nous pouvons vous fournir des composants acryliques de haute qualit\u00e9 et des services d'usinage CNC pour rendre vos produits plus personnalis\u00e9s. Les services personnalis\u00e9s sur mesure peuvent assurer la pr\u00e9cision et la perfection de chaque d\u00e9tail. En nous choisissant, vous pouvez b\u00e9n\u00e9ficier de services professionnels en toute confiance, ce qui rendra vos produits plus comp\u00e9titifs sur le march\u00e9.<\/p>\r\n\r\n<p>&nbsp;<\/p>\r\n\r\n<p>&nbsp;<\/p>\r\n\r\n<p>&nbsp;<\/p>\r\n\r\n<p style=\"text-align: center;\"><a href=\"\/fr\/get-a-quote\/\"><span style=\"color:#FFFFFF;\"><span class=\"btn btn-lg strong\" style=\"background-color: #42acde;\" type=\"button\">Devis pour les composants acryliques<\/span><\/span><\/a><\/p>\r\n<\/div>\r\n<\/div>\r\n<\/div>\r\n\r\n<p>&nbsp;<\/p>\r\n\r\n<p>&nbsp;<\/p>\r\n\r\n<h2 style=\"font-size: 32px; text-align: center;\">Propri\u00e9t\u00e9s du mat\u00e9riau acrylique<\/h2>\r\n\r\n<p>&nbsp;<\/p>\r\n\r\n<p>Nos ing\u00e9nieurs comprennent les performances des mat\u00e9riaux acryliques pour mieux les appliquer au projet, ce qui contribue \u00e0 am\u00e9liorer l'exp\u00e9rience du consommateur.<\/p>\r\n\r\n<p>&nbsp;<\/p>\r\n\r\n<div style=\"overflow: auto;\"><table border=\"1\" cellpadding=\"0\" cellspacing=\"0\" style=\"width: 100%;\">\r\n\t<tbody>\r\n\t\t<tr>\r\n\t\t\t<td>&nbsp;<\/td>\r\n\t\t\t<td>ASTM<\/td>\r\n\t\t\t<td>Unit\u00e9<\/td>\r\n\t\t\t<td>Valeur<\/td>\r\n\t\t<\/tr>\r\n\t\t<tr>\r\n\t\t\t<td>Transmittance de la lumi\u00e8re<\/td>\r\n\t\t\t<td>D1003-61<\/td>\r\n\t\t\t<td>%<\/td>\r\n\t\t\t<td>93<\/td>\r\n\t\t<\/tr>\r\n\t\t<tr>\r\n\t\t\t<td>Indice de r\u00e9fraction<\/td>\r\n\t\t\t<td>D542-50<\/td>\r\n\t\t\t<td>D542-50<\/td>\r\n\t\t\t<td>1.49<\/td>\r\n\t\t<\/tr>\r\n\t\t<tr>\r\n\t\t\t<td>HotFormingTemp<\/td>\r\n\t\t\t<td>&nbsp;<\/td>\r\n\t\t\t<td>\u2103<\/td>\r\n\t\t\t<td>140-180<\/td>\r\n\t\t<\/tr>\r\n\t\t<tr>\r\n\t\t\t<td>Temp\u00e9rature de distorsion de la chaleur<\/td>\r\n\t\t\t<td>&nbsp;<\/td>\r\n\t\t\t<td>\u2103<\/td>\r\n\t\t\t<td>87<\/td>\r\n\t\t<\/tr>\r\n\t\t<tr>\r\n\t\t\t<td>CLTE<\/td>\r\n\t\t\t<td>D696-44<\/td>\r\n\t\t\t<td>Cm\/cm\u2103<\/td>\r\n\t\t\t<td>7.7 x 10-5.<\/td>\r\n\t\t<\/tr>\r\n\t\t<tr>\r\n\t\t\t<td>Chaleur sp\u00e9cifique<\/td>\r\n\t\t\t<td>&nbsp;<\/td>\r\n\t\t\t<td>Cal\/gr\u2103<\/td>\r\n\t\t\t<td>0.35<\/td>\r\n\t\t<\/tr>\r\n\t\t<tr>\r\n\t\t\t<td>Gravit\u00e9 sp\u00e9cifique<\/td>\r\n\t\t\t<td>D792-60T<\/td>\r\n\t\t\t<td>&nbsp;<\/td>\r\n\t\t\t<td>1.2<\/td>\r\n\t\t<\/tr>\r\n\t\t<tr>\r\n\t\t\t<td>R\u00e9sistance \u00e0 la flexion&nbsp;<\/td>\r\n\t\t\t<td>ISO 1565<\/td>\r\n\t\t\t<td>MPa<\/td>\r\n\t\t\t<td>pas moins de 65<\/td>\r\n\t\t<\/tr>\r\n\t\t<tr>\r\n\t\t\t<td>R\u00e9sistance au cisaillement<\/td>\r\n\t\t\t<td>D638<\/td>\r\n\t\t\t<td>MPa<\/td>\r\n\t\t\t<td>69<\/td>\r\n\t\t<\/tr>\r\n\t\t<tr>\r\n\t\t\t<td>R\u00e9sistance aux chocs<\/td>\r\n\t\t\t<td>&nbsp;<\/td>\r\n\t\t\t<td>ft*lb\/in2<\/td>\r\n\t\t\t<td>1<\/td>\r\n\t\t<\/tr>\r\n\t\t<tr>\r\n\t\t\t<td>Duret\u00e9 Rockwell<\/td>\r\n\t\t\t<td>&nbsp;<\/td>\r\n\t\t\t<td>KG\/CM<\/td>\r\n\t\t\t<td>M95<\/td>\r\n\t\t<\/tr>\r\n\t<\/tbody>\r\n<\/table><\/div>\r\n\r\n<p>&nbsp;<\/p>\r\n\r\n<p>&nbsp;<\/p>\r\n\r\n<h2 class=\"h2 text-center\" style=\"font-size: 32px; text-align: center;\">Applications acryliques<\/h2>\r\n\r\n<p>&nbsp;<\/p>\r\n\r\n<div class=\"row\">\r\n<div class=\"col-xs-12 col-sm-5\">\r\n<p>Le mat\u00e9riau acrylique pr\u00e9sente les avantages d'une grande duret\u00e9 et d'une bonne douceur. Pure, respectueuse de l'environnement, la feuille acrylique translucide, apr\u00e8s les services d'usinage CNC de China Tuofa, afin d'am\u00e9liorer l'esth\u00e9tique et la hi\u00e9rarchie du produit, ces accessoires de pr\u00e9cision sont largement utilis\u00e9s dans le domaine 3C, les pi\u00e8ces automobiles, l'\u00e9quipement m\u00e9dical, l'instrumentation, l'industrie pharmaceutique, l'industrie p\u00e9trochimique.<\/p>\r\n\r\n<p>&nbsp;<\/p>\r\n\r\n<p><img decoding=\"async\" alt=\"\" src=\"\/static\/picture\/202302091633155307.png\" style=\"width: 15px; height: 15px;\" \/> Ing\u00e9nierie : en raison de son excellente t\u00e9nacit\u00e9 et de sa duret\u00e9, il est utilis\u00e9 pour les profil\u00e9s de portes et de fen\u00eatres, les auvents, les panneaux, la conception des murs ext\u00e9rieurs, afin de maintenir une bonne transmission de la lumi\u00e8re et une bonne isolation.<\/p>\r\n&nbsp;\r\n\r\n<p><img decoding=\"async\" alt=\"\" src=\"\/static\/picture\/202302091633155307.png\" style=\"width: 15px; height: 15px;\" \/> \u00c9clairage : l'acrylique est utilis\u00e9 pour concevoir des lampes LED, qui permettent de limiter la lumi\u00e8re. En raison de sa transparence et de ses propri\u00e9t\u00e9s optiques, il est \u00e9galement utilis\u00e9 dans la construction de composants lumineux.<\/p>\r\n&nbsp;\r\n\r\n<p><img decoding=\"async\" alt=\"\" src=\"\/static\/picture\/202302091633155307.png\" style=\"width: 15px; height: 15px;\" \/> Industrie automobile : les pi\u00e8ces automobiles aux caract\u00e9ristiques l\u00e9g\u00e8res et simples permettent de mieux mettre en valeur l'apparence du v\u00e9hicule. Elles sont utilis\u00e9es dans les vitres automobiles, les panneaux int\u00e9rieurs et ext\u00e9rieurs, les couvercles de clignotants automobiles.<\/p>\r\n<\/div>\r\n\r\n<div class=\"col-xs-12 col-sm-7 image-center\"><img decoding=\"async\" alt=\"\" src=\"\/static\/picture\/202303201436307816.png\" style=\"width: 100%;\" \/><\/div>\r\n<\/div>\r\n\r\n<p>&nbsp;<\/p>\r\n\r\n<div class=\"row\">\r\n<div class=\"col-xs-12 col-sm-7 image-center\"><img decoding=\"async\" alt=\"\" src=\"\/static\/picture\/202303201437273610.png\" style=\"width: 100%;\" \/><\/div>\r\n\r\n<div class=\"col-xs-12 col-sm-5\">\r\n<p><img decoding=\"async\" alt=\"\" src=\"\/static\/picture\/202302091633155307.png\" style=\"width: 15px; height: 15px;\" \/> Produits \u00e9lectroniques : excellente clart\u00e9 optique, haute transmission de la lumi\u00e8re et r\u00e9sistance aux rayures, largement utilis\u00e9s dans les \u00e9crans de t\u00e9l\u00e9vision, d'ordinateurs portables, de smartphones et d'appareils \u00e9lectroniques.<\/p>\r\n&nbsp;\r\n\r\n<p><img decoding=\"async\" alt=\"\" src=\"\/static\/picture\/202302091633155307.png\" style=\"width: 15px; height: 15px;\" \/> \u00c9nergie : excellente r\u00e9sistance aux UV et excellente transmission de la lumi\u00e8re, l'acrylique a \u00e9galement \u00e9t\u00e9 d\u00e9velopp\u00e9 en tant que mat\u00e9riau de couverture des panneaux solaires, ce qui permet d'obtenir un rendement \u00e9lev\u00e9 de conversion de l'\u00e9nergie.<\/p>\r\n&nbsp;\r\n\r\n<p><img decoding=\"async\" alt=\"\" src=\"\/static\/picture\/202302091633155307.png\" style=\"width: 15px; height: 15px;\" \/> M\u00e9dical : haute puret\u00e9 et propret\u00e9, il est utilis\u00e9 pour la fabrication d'incubateurs, d'\u00e9quipements de test de m\u00e9dicaments, d'armoires de stockage dans les h\u00f4pitaux et les laboratoires de recherche.<\/p>\r\n&nbsp;\r\n\r\n<p><img decoding=\"async\" alt=\"\" src=\"\/static\/picture\/202302091633155307.png\" style=\"width: 15px; height: 15px;\" \/> Mobilier : durable, incassable, apr\u00e8s le traitement de la surface, il peut am\u00e9liorer l'effet visuel. Il est devenu le mat\u00e9riau pr\u00e9f\u00e9r\u00e9 des designers pour fabriquer des tasses, des chaises de salle \u00e0 manger, des poign\u00e9es de porte.<br \/>\r\n&nbsp;<\/p>\r\n<\/div>\r\n<\/div>\r\n            <\/div>\r\n            <script>\r\n                if(window.screen.width < 768){\r\n                    $(\".about-info iframe\").css('width','100%');\r\n                    $(\".about-info iframe\").css('height','60vw');\r\n                }\r\n            <\/script>\r\n        <\/div>\r\n    <\/div>\r\n<\/div>\t\t\t\t<\/div>\n\t\t\t\t\t<\/div>\n\t\t\t\t<\/div>\n\t\t\t\t<\/div>","protected":false},"excerpt":{"rendered":"<p>Home &#8211; &nbsp; Acrylic CNC Machining &nbsp; Acrylic, abbreviated as PMMA, is a transparent thermoplastic polymer, which is by far the most excellent texture of synthetic transparent materials, with the advantages of high transparency, low price, easy mechanical processing, etc. It is an alternative material to glass and can also be called plexiglass. &nbsp; CNC [&hellip;]<\/p>\n","protected":false},"author":1,"featured_media":0,"parent":2101,"menu_order":0,"comment_status":"closed","ping_status":"closed","template":"elementor_header_footer","meta":{"_acf_changed":false,"footnotes":""},"class_list":["post-2119","page","type-page","status-publish","hentry"],"blocksy_meta":[],"acf":[],"yoast_head":"<!-- This site is optimized with the Yoast SEO Premium plugin v25.9 (Yoast SEO v27.2) - https:\/\/yoast.com\/product\/yoast-seo-premium-wordpress\/ -->\n<title>Acrylic CNC Machining -PartsMastery<\/title>\n<meta name=\"description\" content=\"PartsMastery Acrylic CNC Machining: custom acrylic cnc machining manufacturer, wholesale transparent pmma parts factory &amp; high clarity acrylic milling turning supplier. 93% light transmittance, M95 hardness.\" \/>\n<meta name=\"robots\" content=\"index, follow, max-snippet:-1, max-image-preview:large, max-video-preview:-1\" \/>\n<link rel=\"canonical\" href=\"https:\/\/partsmastery.com\/fr\/materials\/cnc-machining-plastics\/acrylic-cnc-machining\/\" \/>\n<meta property=\"og:locale\" content=\"fr_FR\" \/>\n<meta property=\"og:type\" content=\"article\" \/>\n<meta property=\"og:title\" content=\"Acrylic CNC Machining\" \/>\n<meta property=\"og:description\" content=\"PartsMastery Acrylic CNC Machining: custom acrylic cnc machining manufacturer, wholesale transparent pmma parts factory &amp; high clarity acrylic milling turning supplier. 93% light transmittance, M95 hardness.\" \/>\n<meta property=\"og:url\" content=\"https:\/\/partsmastery.com\/fr\/materials\/cnc-machining-plastics\/acrylic-cnc-machining\/\" \/>\n<meta property=\"og:site_name\" content=\"PartsMastery\" \/>\n<meta property=\"article:modified_time\" content=\"2026-04-03T07:08:32+00:00\" \/>\n<meta name=\"twitter:card\" content=\"summary_large_image\" \/>\n<meta name=\"twitter:label1\" content=\"Dur\u00e9e de lecture estim\u00e9e\" \/>\n\t<meta name=\"twitter:data1\" content=\"6 minutes\" \/>\n<script type=\"application\/ld+json\" class=\"yoast-schema-graph\">{\"@context\":\"https:\/\/schema.org\",\"@graph\":[{\"@type\":\"WebPage\",\"@id\":\"https:\/\/partsmastery.com\/materials\/cnc-machining-plastics\/acrylic-cnc-machining\/\",\"url\":\"https:\/\/partsmastery.com\/materials\/cnc-machining-plastics\/acrylic-cnc-machining\/\",\"name\":\"Acrylic CNC Machining -PartsMastery\",\"isPartOf\":{\"@id\":\"https:\/\/partsmastery.com\/#website\"},\"datePublished\":\"2025-09-19T13:07:11+00:00\",\"dateModified\":\"2026-04-03T07:08:32+00:00\",\"description\":\"PartsMastery Acrylic CNC Machining: custom acrylic cnc machining manufacturer, wholesale transparent pmma parts factory & high clarity acrylic milling turning supplier. 93% light transmittance, M95 hardness.\",\"breadcrumb\":{\"@id\":\"https:\/\/partsmastery.com\/materials\/cnc-machining-plastics\/acrylic-cnc-machining\/#breadcrumb\"},\"inLanguage\":\"fr-FR\",\"potentialAction\":[{\"@type\":\"ReadAction\",\"target\":[\"https:\/\/partsmastery.com\/materials\/cnc-machining-plastics\/acrylic-cnc-machining\/\"]}]},{\"@type\":\"BreadcrumbList\",\"@id\":\"https:\/\/partsmastery.com\/materials\/cnc-machining-plastics\/acrylic-cnc-machining\/#breadcrumb\",\"itemListElement\":[{\"@type\":\"ListItem\",\"position\":1,\"name\":\"\u9996\u9875\",\"item\":\"https:\/\/partsmastery.com\/\"},{\"@type\":\"ListItem\",\"position\":2,\"name\":\"Materials\",\"item\":\"https:\/\/partsmastery.com\/materials\/\"},{\"@type\":\"ListItem\",\"position\":3,\"name\":\"CNC Machining Plastics\",\"item\":\"https:\/\/partsmastery.com\/materials\/cnc-machining-plastics\/\"},{\"@type\":\"ListItem\",\"position\":4,\"name\":\"Acrylic CNC Machining\"}]},{\"@type\":\"WebSite\",\"@id\":\"https:\/\/partsmastery.com\/#website\",\"url\":\"https:\/\/partsmastery.com\/\",\"name\":\"PartsMastery\",\"description\":\"\",\"publisher\":{\"@id\":\"https:\/\/partsmastery.com\/#organization\"},\"potentialAction\":[{\"@type\":\"SearchAction\",\"target\":{\"@type\":\"EntryPoint\",\"urlTemplate\":\"https:\/\/partsmastery.com\/?s={search_term_string}\"},\"query-input\":{\"@type\":\"PropertyValueSpecification\",\"valueRequired\":true,\"valueName\":\"search_term_string\"}}],\"inLanguage\":\"fr-FR\"},{\"@type\":\"Organization\",\"@id\":\"https:\/\/partsmastery.com\/#organization\",\"name\":\"PartsMastery\",\"url\":\"https:\/\/partsmastery.com\/\",\"logo\":{\"@type\":\"ImageObject\",\"inLanguage\":\"fr-FR\",\"@id\":\"https:\/\/partsmastery.com\/#\/schema\/logo\/image\/\",\"url\":\"https:\/\/partsmastery.com\/wp-content\/uploads\/2025\/09\/\u672a\u6807\u9898-2_\u753b\u677f-11-scaled.png\",\"contentUrl\":\"https:\/\/partsmastery.com\/wp-content\/uploads\/2025\/09\/\u672a\u6807\u9898-2_\u753b\u677f-11-scaled.png\",\"width\":2560,\"height\":1075,\"caption\":\"PartsMastery\"},\"image\":{\"@id\":\"https:\/\/partsmastery.com\/#\/schema\/logo\/image\/\"}}]}<\/script>\n<!-- \/ Yoast SEO Premium plugin. -->","yoast_head_json":{"title":"Acrylic CNC Machining -PartsMastery","description":"PartsMastery Acrylic CNC Machining: custom acrylic cnc machining manufacturer, wholesale transparent pmma parts factory & high clarity acrylic milling turning supplier. 93% light transmittance, M95 hardness.","robots":{"index":"index","follow":"follow","max-snippet":"max-snippet:-1","max-image-preview":"max-image-preview:large","max-video-preview":"max-video-preview:-1"},"canonical":"https:\/\/partsmastery.com\/fr\/materials\/cnc-machining-plastics\/acrylic-cnc-machining\/","og_locale":"fr_FR","og_type":"article","og_title":"Acrylic CNC Machining","og_description":"PartsMastery Acrylic CNC Machining: custom acrylic cnc machining manufacturer, wholesale transparent pmma parts factory & high clarity acrylic milling turning supplier. 93% light transmittance, M95 hardness.","og_url":"https:\/\/partsmastery.com\/fr\/materials\/cnc-machining-plastics\/acrylic-cnc-machining\/","og_site_name":"PartsMastery","article_modified_time":"2026-04-03T07:08:32+00:00","twitter_card":"summary_large_image","twitter_misc":{"Dur\u00e9e de lecture estim\u00e9e":"6 minutes"},"schema":{"@context":"https:\/\/schema.org","@graph":[{"@type":"WebPage","@id":"https:\/\/partsmastery.com\/materials\/cnc-machining-plastics\/acrylic-cnc-machining\/","url":"https:\/\/partsmastery.com\/materials\/cnc-machining-plastics\/acrylic-cnc-machining\/","name":"Acrylic CNC Machining -PartsMastery","isPartOf":{"@id":"https:\/\/partsmastery.com\/#website"},"datePublished":"2025-09-19T13:07:11+00:00","dateModified":"2026-04-03T07:08:32+00:00","description":"PartsMastery Acrylic CNC Machining: custom acrylic cnc machining manufacturer, wholesale transparent pmma parts factory & high clarity acrylic milling turning supplier. 93% light transmittance, M95 hardness.","breadcrumb":{"@id":"https:\/\/partsmastery.com\/materials\/cnc-machining-plastics\/acrylic-cnc-machining\/#breadcrumb"},"inLanguage":"fr-FR","potentialAction":[{"@type":"ReadAction","target":["https:\/\/partsmastery.com\/materials\/cnc-machining-plastics\/acrylic-cnc-machining\/"]}]},{"@type":"BreadcrumbList","@id":"https:\/\/partsmastery.com\/materials\/cnc-machining-plastics\/acrylic-cnc-machining\/#breadcrumb","itemListElement":[{"@type":"ListItem","position":1,"name":"\u9996\u9875","item":"https:\/\/partsmastery.com\/"},{"@type":"ListItem","position":2,"name":"Materials","item":"https:\/\/partsmastery.com\/materials\/"},{"@type":"ListItem","position":3,"name":"CNC Machining Plastics","item":"https:\/\/partsmastery.com\/materials\/cnc-machining-plastics\/"},{"@type":"ListItem","position":4,"name":"Acrylic CNC Machining"}]},{"@type":"WebSite","@id":"https:\/\/partsmastery.com\/#website","url":"https:\/\/partsmastery.com\/","name":"PartsMastery","description":"","publisher":{"@id":"https:\/\/partsmastery.com\/#organization"},"potentialAction":[{"@type":"SearchAction","target":{"@type":"EntryPoint","urlTemplate":"https:\/\/partsmastery.com\/?s={search_term_string}"},"query-input":{"@type":"PropertyValueSpecification","valueRequired":true,"valueName":"search_term_string"}}],"inLanguage":"fr-FR"},{"@type":"Organization","@id":"https:\/\/partsmastery.com\/#organization","name":"PartsMastery","url":"https:\/\/partsmastery.com\/","logo":{"@type":"ImageObject","inLanguage":"fr-FR","@id":"https:\/\/partsmastery.com\/#\/schema\/logo\/image\/","url":"https:\/\/partsmastery.com\/wp-content\/uploads\/2025\/09\/\u672a\u6807\u9898-2_\u753b\u677f-11-scaled.png","contentUrl":"https:\/\/partsmastery.com\/wp-content\/uploads\/2025\/09\/\u672a\u6807\u9898-2_\u753b\u677f-11-scaled.png","width":2560,"height":1075,"caption":"PartsMastery"},"image":{"@id":"https:\/\/partsmastery.com\/#\/schema\/logo\/image\/"}}]}},"_links":{"self":[{"href":"https:\/\/partsmastery.com\/fr\/wp-json\/wp\/v2\/pages\/2119","targetHints":{"allow":["GET"]}}],"collection":[{"href":"https:\/\/partsmastery.com\/fr\/wp-json\/wp\/v2\/pages"}],"about":[{"href":"https:\/\/partsmastery.com\/fr\/wp-json\/wp\/v2\/types\/page"}],"author":[{"embeddable":true,"href":"https:\/\/partsmastery.com\/fr\/wp-json\/wp\/v2\/users\/1"}],"replies":[{"embeddable":true,"href":"https:\/\/partsmastery.com\/fr\/wp-json\/wp\/v2\/comments?post=2119"}],"version-history":[{"count":8,"href":"https:\/\/partsmastery.com\/fr\/wp-json\/wp\/v2\/pages\/2119\/revisions"}],"predecessor-version":[{"id":5651,"href":"https:\/\/partsmastery.com\/fr\/wp-json\/wp\/v2\/pages\/2119\/revisions\/5651"}],"up":[{"embeddable":true,"href":"https:\/\/partsmastery.com\/fr\/wp-json\/wp\/v2\/pages\/2101"}],"wp:attachment":[{"href":"https:\/\/partsmastery.com\/fr\/wp-json\/wp\/v2\/media?parent=2119"}],"curies":[{"name":"wp","href":"https:\/\/api.w.org\/{rel}","templated":true}]}}