{"id":1726,"date":"2025-09-19T04:27:21","date_gmt":"2025-09-19T04:27:21","guid":{"rendered":"https:\/\/partsmastery.com\/?page_id=1726"},"modified":"2026-04-03T06:07:01","modified_gmt":"2026-04-03T06:07:01","slug":"ip-protection","status":"publish","type":"page","link":"https:\/\/partsmastery.com\/fr\/about-us\/ip-protection\/","title":{"rendered":"Protection IP"},"content":{"rendered":"<div data-elementor-type=\"wp-page\" data-elementor-id=\"1726\" class=\"elementor elementor-1726\" data-elementor-post-type=\"page\">\n\t\t\t\t<div class=\"elementor-element elementor-element-99b405d e-con-full e-flex e-con e-parent\" data-id=\"99b405d\" data-element_type=\"container\" data-e-type=\"container\" data-settings=\"{&quot;background_background&quot;:&quot;classic&quot;}\">\n\t\t<div class=\"elementor-element elementor-element-8e6cf76 e-flex e-con-boxed e-con e-child\" data-id=\"8e6cf76\" data-element_type=\"container\" data-e-type=\"container\">\n\t\t\t\t\t<div class=\"e-con-inner\">\n\t\t\t\t<div class=\"elementor-element elementor-element-4f40e4b elementor-widget elementor-widget-pp-breadcrumbs\" data-id=\"4f40e4b\" data-element_type=\"widget\" data-e-type=\"widget\" data-settings=\"{&quot;breadcrumbs_type&quot;:&quot;powerpack&quot;}\" data-widget_type=\"pp-breadcrumbs.default\">\n\t\t\t\t\t<ul class=\"pp-breadcrumbs pp-breadcrumbs-powerpack\">\t\t<li class=\"pp-breadcrumbs-item pp-breadcrumbs-item-home\">\n\t\t\t<a class=\"pp-breadcrumbs-crumb pp-breadcrumbs-crumb-link pp-breadcrumbs-crumb-home\" href=\"https:\/\/partsmastery.com\/fr\" title=\"Accueil\">\n\t\t\t\t<span class=\"pp-breadcrumbs-text\">\n\t\t\t\t\t\t\t\t\t\t\t<span class=\"pp-icon\">\n\t\t\t\t\t\t\t<svg aria-hidden=\"true\" class=\"e-font-icon-svg e-fas-home\" viewbox=\"0 0 576 512\" xmlns=\"http:\/\/www.w3.org\/2000\/svg\"><path d=\"M280.37 148.26L96 300.11V464a16 16 0 0 0 16 16l112.06-.29a16 16 0 0 0 15.92-16V368a16 16 0 0 1 16-16h64a16 16 0 0 1 16 16v95.64a16 16 0 0 0 16 16.05L464 480a16 16 0 0 0 16-16V300L295.67 148.26a12.19 12.19 0 0 0-15.3 0zM571.6 251.47L488 182.56V44.05a12 12 0 0 0-12-12h-56a12 12 0 0 0-12 12v72.61L318.47 43a48 48 0 0 0-61 0L4.34 251.47a12 12 0 0 0-1.6 16.9l25.5 31A12 12 0 0 0 45.15 301l235.22-193.74a12.19 12.19 0 0 1 15.3 0L530.9 301a12 12 0 0 0 16.9-1.6l25.5-31a12 12 0 0 0-1.7-16.93z\"><\/path><\/svg>\t\t\t\t\t\t<\/span>\n\t\t\t\t\t\t\t\t\t\tAccueil\t\t\t\t<\/span>\n\t\t\t<\/a>\n\t\t<\/li>\n\t\t<li class=\"pp-breadcrumbs-separator\"><span class=\"pp-breadcrumbs-separator-text\">-<\/span><\/li><\/ul>\t\t\t\t<\/div>\n\t\t\t\t\t<\/div>\n\t\t\t\t<\/div>\n\t\t\t\t<\/div>\n\t\t<div class=\"elementor-element elementor-element-aa4312d e-flex e-con-boxed e-con e-parent\" data-id=\"aa4312d\" data-element_type=\"container\" data-e-type=\"container\">\n\t\t\t\t\t<div class=\"e-con-inner\">\n\t\t<div class=\"elementor-element elementor-element-aeb7020 e-con-full e-flex e-con e-child\" data-id=\"aeb7020\" data-element_type=\"container\" data-e-type=\"container\" data-settings=\"{&quot;background_background&quot;:&quot;classic&quot;}\">\n\t\t\t\t<div class=\"elementor-element elementor-element-452929c elementor-widget elementor-widget-heading\" data-id=\"452929c\" data-element_type=\"widget\" data-e-type=\"widget\" data-widget_type=\"heading.default\">\n\t\t\t\t\t<h1 class=\"elementor-heading-title elementor-size-default\">Protection IP<\/h1>\t\t\t\t<\/div>\n\t\t\t\t<div class=\"elementor-element elementor-element-d8ca5fb elementor-widget elementor-widget-text-editor\" data-id=\"d8ca5fb\" data-element_type=\"widget\" data-e-type=\"widget\" data-widget_type=\"text-editor.default\">\n\t\t\t\t\t\t\t\t\t<p>Nous prenons votre propri\u00e9t\u00e9 intellectuelle au s\u00e9rieux, c'est pourquoi 20% des entreprises chinoises du Fortune 100 nous font confiance pour leurs besoins en mati\u00e8re de prototypage et de fabrication.<\/p>\t\t\t\t\t\t\t\t<\/div>\n\t\t\t\t<div class=\"elementor-element elementor-element-a75d5fe elementor-widget elementor-widget-heading\" data-id=\"a75d5fe\" data-element_type=\"widget\" data-e-type=\"widget\" data-widget_type=\"heading.default\">\n\t\t\t\t\t<h2 class=\"elementor-heading-title elementor-size-default\">La confidentialit\u00e9 du d\u00e9but \u00e0 la fin<\/h2>\t\t\t\t<\/div>\n\t\t\t\t<div class=\"elementor-element elementor-element-37884ba elementor-widget elementor-widget-text-editor\" data-id=\"37884ba\" data-element_type=\"widget\" data-e-type=\"widget\" data-widget_type=\"text-editor.default\">\n\t\t\t\t\t\t\t\t\t<p>We ensure confidentiality across the entirety of your order. You can find our confidentiality terms in our General Terms of Sale. If you would like some additional reassurance, we would be happy to send you our Non-Disclosure Agreement, which can be digitally signed via a secure link. Please contact your Account Manager or kefu@PartsMastery.com to request our NDA.<\/p><p>To produce your order, PartsMastery operates with a China network of Manufacturing Partners. All of our Partners must go through a strict onboarding process, which includes signing up to contractual obligations to safeguard your data. Confidential means confidential from beginning to end.<\/p>\t\t\t\t\t\t\t\t<\/div>\n\t\t\t\t<div class=\"elementor-element elementor-element-9b7d824 elementor-widget elementor-widget-heading\" data-id=\"9b7d824\" data-element_type=\"widget\" data-e-type=\"widget\" data-widget_type=\"heading.default\">\n\t\t\t\t\t<h2 class=\"elementor-heading-title elementor-size-default\">Chiffrement et localisation du serveur<\/h2>\t\t\t\t<\/div>\n\t\t\t\t<div class=\"elementor-element elementor-element-497248f elementor-widget elementor-widget-text-editor\" data-id=\"497248f\" data-element_type=\"widget\" data-e-type=\"widget\" data-widget_type=\"text-editor.default\">\n\t\t\t\t\t\t\t\t\t<p>PartsMasteryuse secure (encrypted) connections for all our customer and manufacturing partner interactions i.e. when any files are transferred.<\/p><p>Nos serveurs de production sont situ\u00e9s aux \u00c9tats-Unis ; tous les mod\u00e8les et dessins num\u00e9riques sont stock\u00e9s sur des serveurs AWS.<\/p>\t\t\t\t\t\t\t\t<\/div>\n\t\t\t\t<div class=\"elementor-element elementor-element-a4efd76 elementor-widget elementor-widget-heading\" data-id=\"a4efd76\" data-element_type=\"widget\" data-e-type=\"widget\" data-widget_type=\"heading.default\">\n\t\t\t\t\t<h2 class=\"elementor-heading-title elementor-size-default\">Nous contacter<\/h2>\t\t\t\t<\/div>\n\t\t\t\t<div class=\"elementor-element elementor-element-1073673 elementor-widget elementor-widget-text-editor\" data-id=\"1073673\" data-element_type=\"widget\" data-e-type=\"widget\" data-widget_type=\"text-editor.default\">\n\t\t\t\t\t\t\t\t\t<p>Si vous avez d'autres questions sur la protection de la propri\u00e9t\u00e9 intellectuelle, veuillez contacter votre gestionnaire de compte.<\/p><p>L'entreprise poss\u00e8de non seulement de nombreuses machines et \u00e9quipements de pointe, tels que des centres d'usinage CNC, des imprimantes 3D, des tours CNC, des centres de per\u00e7age et de fraisage \u00e0 grande vitesse, des pieds \u00e0 coulisse, des instruments de mesure bidimensionnelle, des jauges de hauteur et d'autres \u00e9quipements d'essai, mais elle dispose \u00e9galement d'une \u00e9quipe de m\u00e9caniciens professionnels et qualifi\u00e9s.<\/p><p>Nous avons une grande exp\u00e9rience dans le traitement des pi\u00e8ces en acier inoxydable, en alliage de titane, en aluminium, en plastique et en laiton, et nous fournissons des pi\u00e8ces de moule pour les piles au lithium,<span style=\"font-family: inherit; font-size: inherit; font-style: inherit; font-variant-ligatures: inherit; font-variant-caps: inherit; font-weight: inherit;\">pi\u00e8ces m\u00e9dicales, pi\u00e8ces automobiles,<\/span><span style=\"font-family: inherit; font-size: inherit; font-style: inherit; font-variant-ligatures: inherit; font-variant-caps: inherit; font-weight: inherit;\"> Pi\u00e8ces de quincaillerie, pi\u00e8ces de machines, pi\u00e8ces industrielles, accessoires d'aviation, \u00e9quipement de fabrication de cristaux liquides, pi\u00e8ces de communication optique, lentilles optiques et industries.<\/span><\/p>\t\t\t\t\t\t\t\t<\/div>\n\t\t\t\t<\/div>\n\t\t\t\t\t<\/div>\n\t\t\t\t<\/div>\n\t\t\t\t<\/div>","protected":false},"excerpt":{"rendered":"<p>Home &#8211; IP Protection We take your intellectual property seriously, which is why 20% of China&#8217;s Fortune 100 companies trust us with their prototyping and manufacturing needs. Confidentiality from Beginning to End We ensure confidentiality across the entirety of your order. You can find our confidentiality terms in our General Terms of Sale. If you [&hellip;]<\/p>\n","protected":false},"author":1,"featured_media":0,"parent":651,"menu_order":0,"comment_status":"closed","ping_status":"closed","template":"elementor_header_footer","meta":{"_acf_changed":false,"footnotes":""},"class_list":["post-1726","page","type-page","status-publish","hentry"],"blocksy_meta":[],"acf":[],"yoast_head":"<!-- This site is optimized with the Yoast SEO Premium plugin v25.9 (Yoast SEO v27.2) - https:\/\/yoast.com\/product\/yoast-seo-premium-wordpress\/ -->\n<title>IP Protection -PartsMastery<\/title>\n<meta name=\"description\" content=\"PartsMastery IP Protection: manufacturing NDA agreement, confidential design protection &amp; secure file transfer for prototypes. Trusted by Fortune 500. Learn more.\" \/>\n<meta name=\"robots\" content=\"index, follow, max-snippet:-1, max-image-preview:large, max-video-preview:-1\" \/>\n<link rel=\"canonical\" href=\"https:\/\/partsmastery.com\/fr\/about-us\/ip-protection\/\" \/>\n<meta property=\"og:locale\" content=\"fr_FR\" \/>\n<meta property=\"og:type\" content=\"article\" \/>\n<meta property=\"og:title\" content=\"IP Protection\" \/>\n<meta property=\"og:description\" content=\"PartsMastery IP Protection: manufacturing NDA agreement, confidential design protection &amp; secure file transfer for prototypes. Trusted by Fortune 500. Learn more.\" \/>\n<meta property=\"og:url\" content=\"https:\/\/partsmastery.com\/fr\/about-us\/ip-protection\/\" \/>\n<meta property=\"og:site_name\" content=\"PartsMastery\" \/>\n<meta property=\"article:modified_time\" content=\"2026-04-03T06:07:01+00:00\" \/>\n<meta name=\"twitter:card\" content=\"summary_large_image\" \/>\n<meta name=\"twitter:label1\" content=\"Dur\u00e9e de lecture estim\u00e9e\" \/>\n\t<meta name=\"twitter:data1\" content=\"2 minutes\" \/>\n<script type=\"application\/ld+json\" class=\"yoast-schema-graph\">{\"@context\":\"https:\/\/schema.org\",\"@graph\":[{\"@type\":\"WebPage\",\"@id\":\"https:\/\/partsmastery.com\/about-us\/ip-protection\/\",\"url\":\"https:\/\/partsmastery.com\/about-us\/ip-protection\/\",\"name\":\"IP Protection -PartsMastery\",\"isPartOf\":{\"@id\":\"https:\/\/partsmastery.com\/#website\"},\"datePublished\":\"2025-09-19T04:27:21+00:00\",\"dateModified\":\"2026-04-03T06:07:01+00:00\",\"description\":\"PartsMastery IP Protection: manufacturing NDA agreement, confidential design protection & secure file transfer for prototypes. Trusted by Fortune 500. Learn more.\",\"breadcrumb\":{\"@id\":\"https:\/\/partsmastery.com\/about-us\/ip-protection\/#breadcrumb\"},\"inLanguage\":\"fr-FR\",\"potentialAction\":[{\"@type\":\"ReadAction\",\"target\":[\"https:\/\/partsmastery.com\/about-us\/ip-protection\/\"]}]},{\"@type\":\"BreadcrumbList\",\"@id\":\"https:\/\/partsmastery.com\/about-us\/ip-protection\/#breadcrumb\",\"itemListElement\":[{\"@type\":\"ListItem\",\"position\":1,\"name\":\"\u9996\u9875\",\"item\":\"https:\/\/partsmastery.com\/\"},{\"@type\":\"ListItem\",\"position\":2,\"name\":\"About Us\",\"item\":\"https:\/\/partsmastery.com\/about-us\/\"},{\"@type\":\"ListItem\",\"position\":3,\"name\":\"IP Protection\"}]},{\"@type\":\"WebSite\",\"@id\":\"https:\/\/partsmastery.com\/#website\",\"url\":\"https:\/\/partsmastery.com\/\",\"name\":\"PartsMastery\",\"description\":\"\",\"publisher\":{\"@id\":\"https:\/\/partsmastery.com\/#organization\"},\"potentialAction\":[{\"@type\":\"SearchAction\",\"target\":{\"@type\":\"EntryPoint\",\"urlTemplate\":\"https:\/\/partsmastery.com\/?s={search_term_string}\"},\"query-input\":{\"@type\":\"PropertyValueSpecification\",\"valueRequired\":true,\"valueName\":\"search_term_string\"}}],\"inLanguage\":\"fr-FR\"},{\"@type\":\"Organization\",\"@id\":\"https:\/\/partsmastery.com\/#organization\",\"name\":\"PartsMastery\",\"url\":\"https:\/\/partsmastery.com\/\",\"logo\":{\"@type\":\"ImageObject\",\"inLanguage\":\"fr-FR\",\"@id\":\"https:\/\/partsmastery.com\/#\/schema\/logo\/image\/\",\"url\":\"https:\/\/partsmastery.com\/wp-content\/uploads\/2025\/09\/\u672a\u6807\u9898-2_\u753b\u677f-11-scaled.png\",\"contentUrl\":\"https:\/\/partsmastery.com\/wp-content\/uploads\/2025\/09\/\u672a\u6807\u9898-2_\u753b\u677f-11-scaled.png\",\"width\":2560,\"height\":1075,\"caption\":\"PartsMastery\"},\"image\":{\"@id\":\"https:\/\/partsmastery.com\/#\/schema\/logo\/image\/\"}}]}<\/script>\n<!-- \/ Yoast SEO Premium plugin. -->","yoast_head_json":{"title":"IP Protection -PartsMastery","description":"PartsMastery IP Protection: manufacturing NDA agreement, confidential design protection & secure file transfer for prototypes. Trusted by Fortune 500. Learn more.","robots":{"index":"index","follow":"follow","max-snippet":"max-snippet:-1","max-image-preview":"max-image-preview:large","max-video-preview":"max-video-preview:-1"},"canonical":"https:\/\/partsmastery.com\/fr\/about-us\/ip-protection\/","og_locale":"fr_FR","og_type":"article","og_title":"IP Protection","og_description":"PartsMastery IP Protection: manufacturing NDA agreement, confidential design protection & secure file transfer for prototypes. Trusted by Fortune 500. Learn more.","og_url":"https:\/\/partsmastery.com\/fr\/about-us\/ip-protection\/","og_site_name":"PartsMastery","article_modified_time":"2026-04-03T06:07:01+00:00","twitter_card":"summary_large_image","twitter_misc":{"Dur\u00e9e de lecture estim\u00e9e":"2 minutes"},"schema":{"@context":"https:\/\/schema.org","@graph":[{"@type":"WebPage","@id":"https:\/\/partsmastery.com\/about-us\/ip-protection\/","url":"https:\/\/partsmastery.com\/about-us\/ip-protection\/","name":"IP Protection -PartsMastery","isPartOf":{"@id":"https:\/\/partsmastery.com\/#website"},"datePublished":"2025-09-19T04:27:21+00:00","dateModified":"2026-04-03T06:07:01+00:00","description":"PartsMastery IP Protection: manufacturing NDA agreement, confidential design protection & secure file transfer for prototypes. Trusted by Fortune 500. Learn more.","breadcrumb":{"@id":"https:\/\/partsmastery.com\/about-us\/ip-protection\/#breadcrumb"},"inLanguage":"fr-FR","potentialAction":[{"@type":"ReadAction","target":["https:\/\/partsmastery.com\/about-us\/ip-protection\/"]}]},{"@type":"BreadcrumbList","@id":"https:\/\/partsmastery.com\/about-us\/ip-protection\/#breadcrumb","itemListElement":[{"@type":"ListItem","position":1,"name":"\u9996\u9875","item":"https:\/\/partsmastery.com\/"},{"@type":"ListItem","position":2,"name":"About Us","item":"https:\/\/partsmastery.com\/about-us\/"},{"@type":"ListItem","position":3,"name":"IP Protection"}]},{"@type":"WebSite","@id":"https:\/\/partsmastery.com\/#website","url":"https:\/\/partsmastery.com\/","name":"PartsMastery","description":"","publisher":{"@id":"https:\/\/partsmastery.com\/#organization"},"potentialAction":[{"@type":"SearchAction","target":{"@type":"EntryPoint","urlTemplate":"https:\/\/partsmastery.com\/?s={search_term_string}"},"query-input":{"@type":"PropertyValueSpecification","valueRequired":true,"valueName":"search_term_string"}}],"inLanguage":"fr-FR"},{"@type":"Organization","@id":"https:\/\/partsmastery.com\/#organization","name":"PartsMastery","url":"https:\/\/partsmastery.com\/","logo":{"@type":"ImageObject","inLanguage":"fr-FR","@id":"https:\/\/partsmastery.com\/#\/schema\/logo\/image\/","url":"https:\/\/partsmastery.com\/wp-content\/uploads\/2025\/09\/\u672a\u6807\u9898-2_\u753b\u677f-11-scaled.png","contentUrl":"https:\/\/partsmastery.com\/wp-content\/uploads\/2025\/09\/\u672a\u6807\u9898-2_\u753b\u677f-11-scaled.png","width":2560,"height":1075,"caption":"PartsMastery"},"image":{"@id":"https:\/\/partsmastery.com\/#\/schema\/logo\/image\/"}}]}},"_links":{"self":[{"href":"https:\/\/partsmastery.com\/fr\/wp-json\/wp\/v2\/pages\/1726","targetHints":{"allow":["GET"]}}],"collection":[{"href":"https:\/\/partsmastery.com\/fr\/wp-json\/wp\/v2\/pages"}],"about":[{"href":"https:\/\/partsmastery.com\/fr\/wp-json\/wp\/v2\/types\/page"}],"author":[{"embeddable":true,"href":"https:\/\/partsmastery.com\/fr\/wp-json\/wp\/v2\/users\/1"}],"replies":[{"embeddable":true,"href":"https:\/\/partsmastery.com\/fr\/wp-json\/wp\/v2\/comments?post=1726"}],"version-history":[{"count":14,"href":"https:\/\/partsmastery.com\/fr\/wp-json\/wp\/v2\/pages\/1726\/revisions"}],"predecessor-version":[{"id":5624,"href":"https:\/\/partsmastery.com\/fr\/wp-json\/wp\/v2\/pages\/1726\/revisions\/5624"}],"up":[{"embeddable":true,"href":"https:\/\/partsmastery.com\/fr\/wp-json\/wp\/v2\/pages\/651"}],"wp:attachment":[{"href":"https:\/\/partsmastery.com\/fr\/wp-json\/wp\/v2\/media?parent=1726"}],"curies":[{"name":"wp","href":"https:\/\/api.w.org\/{rel}","templated":true}]}}