{"id":1726,"date":"2025-09-19T04:27:21","date_gmt":"2025-09-19T04:27:21","guid":{"rendered":"https:\/\/partsmastery.com\/?page_id=1726"},"modified":"2026-04-03T06:07:01","modified_gmt":"2026-04-03T06:07:01","slug":"ip-protection","status":"publish","type":"page","link":"https:\/\/partsmastery.com\/es\/about-us\/ip-protection\/","title":{"rendered":"Protecci\u00f3n IP"},"content":{"rendered":"<div data-elementor-type=\"wp-page\" data-elementor-id=\"1726\" class=\"elementor elementor-1726\" data-elementor-post-type=\"page\">\n\t\t\t\t<div class=\"elementor-element elementor-element-99b405d e-con-full e-flex e-con e-parent\" data-id=\"99b405d\" data-element_type=\"container\" data-e-type=\"container\" data-settings=\"{&quot;background_background&quot;:&quot;classic&quot;}\">\n\t\t<div class=\"elementor-element elementor-element-8e6cf76 e-flex e-con-boxed e-con e-child\" data-id=\"8e6cf76\" data-element_type=\"container\" data-e-type=\"container\">\n\t\t\t\t\t<div class=\"e-con-inner\">\n\t\t\t\t<div class=\"elementor-element elementor-element-4f40e4b elementor-widget elementor-widget-pp-breadcrumbs\" data-id=\"4f40e4b\" data-element_type=\"widget\" data-e-type=\"widget\" data-settings=\"{&quot;breadcrumbs_type&quot;:&quot;powerpack&quot;}\" data-widget_type=\"pp-breadcrumbs.default\">\n\t\t\t\t\t<ul class=\"pp-breadcrumbs pp-breadcrumbs-powerpack\">\t\t<li class=\"pp-breadcrumbs-item pp-breadcrumbs-item-home\">\n\t\t\t<a class=\"pp-breadcrumbs-crumb pp-breadcrumbs-crumb-link pp-breadcrumbs-crumb-home\" href=\"https:\/\/partsmastery.com\/es\" title=\"Inicio\">\n\t\t\t\t<span class=\"pp-breadcrumbs-text\">\n\t\t\t\t\t\t\t\t\t\t\t<span class=\"pp-icon\">\n\t\t\t\t\t\t\t<svg aria-hidden=\"true\" class=\"e-font-icon-svg e-fas-home\" viewbox=\"0 0 576 512\" xmlns=\"http:\/\/www.w3.org\/2000\/svg\"><path d=\"M280.37 148.26L96 300.11V464a16 16 0 0 0 16 16l112.06-.29a16 16 0 0 0 15.92-16V368a16 16 0 0 1 16-16h64a16 16 0 0 1 16 16v95.64a16 16 0 0 0 16 16.05L464 480a16 16 0 0 0 16-16V300L295.67 148.26a12.19 12.19 0 0 0-15.3 0zM571.6 251.47L488 182.56V44.05a12 12 0 0 0-12-12h-56a12 12 0 0 0-12 12v72.61L318.47 43a48 48 0 0 0-61 0L4.34 251.47a12 12 0 0 0-1.6 16.9l25.5 31A12 12 0 0 0 45.15 301l235.22-193.74a12.19 12.19 0 0 1 15.3 0L530.9 301a12 12 0 0 0 16.9-1.6l25.5-31a12 12 0 0 0-1.7-16.93z\"><\/path><\/svg>\t\t\t\t\t\t<\/span>\n\t\t\t\t\t\t\t\t\t\tInicio\t\t\t\t<\/span>\n\t\t\t<\/a>\n\t\t<\/li>\n\t\t<li class=\"pp-breadcrumbs-separator\"><span class=\"pp-breadcrumbs-separator-text\">-<\/span><\/li><\/ul>\t\t\t\t<\/div>\n\t\t\t\t\t<\/div>\n\t\t\t\t<\/div>\n\t\t\t\t<\/div>\n\t\t<div class=\"elementor-element elementor-element-aa4312d e-flex e-con-boxed e-con e-parent\" data-id=\"aa4312d\" data-element_type=\"container\" data-e-type=\"container\">\n\t\t\t\t\t<div class=\"e-con-inner\">\n\t\t<div class=\"elementor-element elementor-element-aeb7020 e-con-full e-flex e-con e-child\" data-id=\"aeb7020\" data-element_type=\"container\" data-e-type=\"container\" data-settings=\"{&quot;background_background&quot;:&quot;classic&quot;}\">\n\t\t\t\t<div class=\"elementor-element elementor-element-452929c elementor-widget elementor-widget-heading\" data-id=\"452929c\" data-element_type=\"widget\" data-e-type=\"widget\" data-widget_type=\"heading.default\">\n\t\t\t\t\t<h1 class=\"elementor-heading-title elementor-size-default\">Protecci\u00f3n IP<\/h1>\t\t\t\t<\/div>\n\t\t\t\t<div class=\"elementor-element elementor-element-d8ca5fb elementor-widget elementor-widget-text-editor\" data-id=\"d8ca5fb\" data-element_type=\"widget\" data-e-type=\"widget\" data-widget_type=\"text-editor.default\">\n\t\t\t\t\t\t\t\t\t<p>Nos tomamos muy en serio su propiedad intelectual, por eso 20% de las empresas chinas incluidas en la lista Fortune 100 nos conf\u00edan sus necesidades de creaci\u00f3n de prototipos y fabricaci\u00f3n.<\/p>\t\t\t\t\t\t\t\t<\/div>\n\t\t\t\t<div class=\"elementor-element elementor-element-a75d5fe elementor-widget elementor-widget-heading\" data-id=\"a75d5fe\" data-element_type=\"widget\" data-e-type=\"widget\" data-widget_type=\"heading.default\">\n\t\t\t\t\t<h2 class=\"elementor-heading-title elementor-size-default\">Confidencialidad de principio a fin<\/h2>\t\t\t\t<\/div>\n\t\t\t\t<div class=\"elementor-element elementor-element-37884ba elementor-widget elementor-widget-text-editor\" data-id=\"37884ba\" data-element_type=\"widget\" data-e-type=\"widget\" data-widget_type=\"text-editor.default\">\n\t\t\t\t\t\t\t\t\t<p>Garantizamos la confidencialidad de todo su pedido. Encontrar\u00e1 nuestras condiciones de confidencialidad en nuestras Condiciones Generales de Venta. Si desea una garant\u00eda adicional, estaremos encantados de enviarle nuestro Acuerdo de confidencialidad, que puede firmar digitalmente a trav\u00e9s de un enlace seguro. P\u00f3ngase en contacto con su gestor de cuentas o kefu@PartsMastery.com para solicitar nuestro acuerdo de confidencialidad.<\/p><p>Para producir su pedido, PartsMastery opera con una red china de socios fabricantes. Todos nuestros socios deben pasar por un estricto proceso de incorporaci\u00f3n, que incluye la firma de obligaciones contractuales para salvaguardar sus datos. Confidencial significa confidencial de principio a fin.<\/p>\t\t\t\t\t\t\t\t<\/div>\n\t\t\t\t<div class=\"elementor-element elementor-element-9b7d824 elementor-widget elementor-widget-heading\" data-id=\"9b7d824\" data-element_type=\"widget\" data-e-type=\"widget\" data-widget_type=\"heading.default\">\n\t\t\t\t\t<h2 class=\"elementor-heading-title elementor-size-default\">Cifrado y ubicaci\u00f3n del servidor<\/h2>\t\t\t\t<\/div>\n\t\t\t\t<div class=\"elementor-element elementor-element-497248f elementor-widget elementor-widget-text-editor\" data-id=\"497248f\" data-element_type=\"widget\" data-e-type=\"widget\" data-widget_type=\"text-editor.default\">\n\t\t\t\t\t\t\t\t\t<p>PartsMastery utiliza conexiones seguras (cifradas) para todas las interacciones con nuestros clientes y socios fabricantes, es decir, cuando se transfieren archivos.<\/p><p>Nuestros servidores de producci\u00f3n se encuentran en EE.UU.; todos los modelos digitales y dibujos se almacenan en servidores de AWS.<\/p>\t\t\t\t\t\t\t\t<\/div>\n\t\t\t\t<div class=\"elementor-element elementor-element-a4efd76 elementor-widget elementor-widget-heading\" data-id=\"a4efd76\" data-element_type=\"widget\" data-e-type=\"widget\" data-widget_type=\"heading.default\">\n\t\t\t\t\t<h2 class=\"elementor-heading-title elementor-size-default\">Contacte con nosotros<\/h2>\t\t\t\t<\/div>\n\t\t\t\t<div class=\"elementor-element elementor-element-1073673 elementor-widget elementor-widget-text-editor\" data-id=\"1073673\" data-element_type=\"widget\" data-e-type=\"widget\" data-widget_type=\"text-editor.default\">\n\t\t\t\t\t\t\t\t\t<p>Si tiene m\u00e1s preguntas sobre la protecci\u00f3n de la propiedad intelectual, p\u00f3ngase en contacto con su gestor de cuentas.<\/p><p>La empresa no s\u00f3lo posee mucha maquinaria y equipos avanzados, como centros de mecanizado CNC, impresora 3D, torno CNC, centros de mecanizado de fresado y taladrado de alta velocidad, tornos CNC, calibradores, instrumentos de medici\u00f3n bidimensional, medidores de altura y otros equipos de prueba, sino que tambi\u00e9n cuenta con un equipo de mec\u00e1nicos profesionales y cualificados.<\/p><p>Tenemos una gran experiencia en el procesamiento de acero inoxidable, aleaci\u00f3n de titanio, aluminio, pl\u00e1stico y piezas de lat\u00f3n, y proporcionar la bater\u00eda de litio , parte del molde,<span style=\"font-family: inherit; font-size: inherit; font-style: inherit; font-variant-ligatures: inherit; font-variant-caps: inherit; font-weight: inherit;\">piezas m\u00e9dicas, piezas de autom\u00f3vil,<\/span><span style=\"font-family: inherit; font-size: inherit; font-style: inherit; font-variant-ligatures: inherit; font-variant-caps: inherit; font-weight: inherit;\"> Piezas de ferreter\u00eda, piezas de maquinaria, piezas industriales, accesorios de aviaci\u00f3n, equipos de fabricaci\u00f3n de cristal l\u00edquido, piezas de comunicaci\u00f3n \u00f3ptica, lentes \u00f3pticas e industrias.<\/span><\/p>\t\t\t\t\t\t\t\t<\/div>\n\t\t\t\t<\/div>\n\t\t\t\t\t<\/div>\n\t\t\t\t<\/div>\n\t\t\t\t<\/div>","protected":false},"excerpt":{"rendered":"<p>Home &#8211; IP Protection We take your intellectual property seriously, which is why 20% of China&#8217;s Fortune 100 companies trust us with their prototyping and manufacturing needs. Confidentiality from Beginning to End We ensure confidentiality across the entirety of your order. You can find our confidentiality terms in our General Terms of Sale. If you [&hellip;]<\/p>\n","protected":false},"author":1,"featured_media":0,"parent":651,"menu_order":0,"comment_status":"closed","ping_status":"closed","template":"elementor_header_footer","meta":{"_acf_changed":false,"footnotes":""},"class_list":["post-1726","page","type-page","status-publish","hentry"],"blocksy_meta":[],"acf":[],"yoast_head":"<!-- This site is optimized with the Yoast SEO Premium plugin v25.9 (Yoast SEO v27.2) - https:\/\/yoast.com\/product\/yoast-seo-premium-wordpress\/ -->\n<title>IP Protection -PartsMastery<\/title>\n<meta name=\"description\" content=\"PartsMastery IP Protection: manufacturing NDA agreement, confidential design protection &amp; secure file transfer for prototypes. Trusted by Fortune 500. Learn more.\" \/>\n<meta name=\"robots\" content=\"index, follow, max-snippet:-1, max-image-preview:large, max-video-preview:-1\" \/>\n<link rel=\"canonical\" href=\"https:\/\/partsmastery.com\/es\/about-us\/ip-protection\/\" \/>\n<meta property=\"og:locale\" content=\"es_ES\" \/>\n<meta property=\"og:type\" content=\"article\" \/>\n<meta property=\"og:title\" content=\"IP Protection\" \/>\n<meta property=\"og:description\" content=\"PartsMastery IP Protection: manufacturing NDA agreement, confidential design protection &amp; secure file transfer for prototypes. Trusted by Fortune 500. Learn more.\" \/>\n<meta property=\"og:url\" content=\"https:\/\/partsmastery.com\/es\/about-us\/ip-protection\/\" \/>\n<meta property=\"og:site_name\" content=\"PartsMastery\" \/>\n<meta property=\"article:modified_time\" content=\"2026-04-03T06:07:01+00:00\" \/>\n<meta name=\"twitter:card\" content=\"summary_large_image\" \/>\n<meta name=\"twitter:label1\" content=\"Tiempo de lectura\" \/>\n\t<meta name=\"twitter:data1\" content=\"2 minutos\" \/>\n<script type=\"application\/ld+json\" class=\"yoast-schema-graph\">{\"@context\":\"https:\/\/schema.org\",\"@graph\":[{\"@type\":\"WebPage\",\"@id\":\"https:\/\/partsmastery.com\/about-us\/ip-protection\/\",\"url\":\"https:\/\/partsmastery.com\/about-us\/ip-protection\/\",\"name\":\"IP Protection -PartsMastery\",\"isPartOf\":{\"@id\":\"https:\/\/partsmastery.com\/#website\"},\"datePublished\":\"2025-09-19T04:27:21+00:00\",\"dateModified\":\"2026-04-03T06:07:01+00:00\",\"description\":\"PartsMastery IP Protection: manufacturing NDA agreement, confidential design protection & secure file transfer for prototypes. Trusted by Fortune 500. Learn more.\",\"breadcrumb\":{\"@id\":\"https:\/\/partsmastery.com\/about-us\/ip-protection\/#breadcrumb\"},\"inLanguage\":\"es-AR\",\"potentialAction\":[{\"@type\":\"ReadAction\",\"target\":[\"https:\/\/partsmastery.com\/about-us\/ip-protection\/\"]}]},{\"@type\":\"BreadcrumbList\",\"@id\":\"https:\/\/partsmastery.com\/about-us\/ip-protection\/#breadcrumb\",\"itemListElement\":[{\"@type\":\"ListItem\",\"position\":1,\"name\":\"\u9996\u9875\",\"item\":\"https:\/\/partsmastery.com\/\"},{\"@type\":\"ListItem\",\"position\":2,\"name\":\"About Us\",\"item\":\"https:\/\/partsmastery.com\/about-us\/\"},{\"@type\":\"ListItem\",\"position\":3,\"name\":\"IP Protection\"}]},{\"@type\":\"WebSite\",\"@id\":\"https:\/\/partsmastery.com\/#website\",\"url\":\"https:\/\/partsmastery.com\/\",\"name\":\"PartsMastery\",\"description\":\"\",\"publisher\":{\"@id\":\"https:\/\/partsmastery.com\/#organization\"},\"potentialAction\":[{\"@type\":\"SearchAction\",\"target\":{\"@type\":\"EntryPoint\",\"urlTemplate\":\"https:\/\/partsmastery.com\/?s={search_term_string}\"},\"query-input\":{\"@type\":\"PropertyValueSpecification\",\"valueRequired\":true,\"valueName\":\"search_term_string\"}}],\"inLanguage\":\"es-AR\"},{\"@type\":\"Organization\",\"@id\":\"https:\/\/partsmastery.com\/#organization\",\"name\":\"PartsMastery\",\"url\":\"https:\/\/partsmastery.com\/\",\"logo\":{\"@type\":\"ImageObject\",\"inLanguage\":\"es-AR\",\"@id\":\"https:\/\/partsmastery.com\/#\/schema\/logo\/image\/\",\"url\":\"https:\/\/partsmastery.com\/wp-content\/uploads\/2025\/09\/\u672a\u6807\u9898-2_\u753b\u677f-11-scaled.png\",\"contentUrl\":\"https:\/\/partsmastery.com\/wp-content\/uploads\/2025\/09\/\u672a\u6807\u9898-2_\u753b\u677f-11-scaled.png\",\"width\":2560,\"height\":1075,\"caption\":\"PartsMastery\"},\"image\":{\"@id\":\"https:\/\/partsmastery.com\/#\/schema\/logo\/image\/\"}}]}<\/script>\n<!-- \/ Yoast SEO Premium plugin. -->","yoast_head_json":{"title":"IP Protection -PartsMastery","description":"PartsMastery IP Protection: manufacturing NDA agreement, confidential design protection & secure file transfer for prototypes. Trusted by Fortune 500. Learn more.","robots":{"index":"index","follow":"follow","max-snippet":"max-snippet:-1","max-image-preview":"max-image-preview:large","max-video-preview":"max-video-preview:-1"},"canonical":"https:\/\/partsmastery.com\/es\/about-us\/ip-protection\/","og_locale":"es_ES","og_type":"article","og_title":"IP Protection","og_description":"PartsMastery IP Protection: manufacturing NDA agreement, confidential design protection & secure file transfer for prototypes. Trusted by Fortune 500. Learn more.","og_url":"https:\/\/partsmastery.com\/es\/about-us\/ip-protection\/","og_site_name":"PartsMastery","article_modified_time":"2026-04-03T06:07:01+00:00","twitter_card":"summary_large_image","twitter_misc":{"Tiempo de lectura":"2 minutos"},"schema":{"@context":"https:\/\/schema.org","@graph":[{"@type":"WebPage","@id":"https:\/\/partsmastery.com\/about-us\/ip-protection\/","url":"https:\/\/partsmastery.com\/about-us\/ip-protection\/","name":"IP Protection -PartsMastery","isPartOf":{"@id":"https:\/\/partsmastery.com\/#website"},"datePublished":"2025-09-19T04:27:21+00:00","dateModified":"2026-04-03T06:07:01+00:00","description":"PartsMastery IP Protection: manufacturing NDA agreement, confidential design protection & secure file transfer for prototypes. Trusted by Fortune 500. Learn more.","breadcrumb":{"@id":"https:\/\/partsmastery.com\/about-us\/ip-protection\/#breadcrumb"},"inLanguage":"es-AR","potentialAction":[{"@type":"ReadAction","target":["https:\/\/partsmastery.com\/about-us\/ip-protection\/"]}]},{"@type":"BreadcrumbList","@id":"https:\/\/partsmastery.com\/about-us\/ip-protection\/#breadcrumb","itemListElement":[{"@type":"ListItem","position":1,"name":"\u9996\u9875","item":"https:\/\/partsmastery.com\/"},{"@type":"ListItem","position":2,"name":"About Us","item":"https:\/\/partsmastery.com\/about-us\/"},{"@type":"ListItem","position":3,"name":"IP Protection"}]},{"@type":"WebSite","@id":"https:\/\/partsmastery.com\/#website","url":"https:\/\/partsmastery.com\/","name":"PartsMastery","description":"","publisher":{"@id":"https:\/\/partsmastery.com\/#organization"},"potentialAction":[{"@type":"SearchAction","target":{"@type":"EntryPoint","urlTemplate":"https:\/\/partsmastery.com\/?s={search_term_string}"},"query-input":{"@type":"PropertyValueSpecification","valueRequired":true,"valueName":"search_term_string"}}],"inLanguage":"es-AR"},{"@type":"Organization","@id":"https:\/\/partsmastery.com\/#organization","name":"PartsMastery","url":"https:\/\/partsmastery.com\/","logo":{"@type":"ImageObject","inLanguage":"es-AR","@id":"https:\/\/partsmastery.com\/#\/schema\/logo\/image\/","url":"https:\/\/partsmastery.com\/wp-content\/uploads\/2025\/09\/\u672a\u6807\u9898-2_\u753b\u677f-11-scaled.png","contentUrl":"https:\/\/partsmastery.com\/wp-content\/uploads\/2025\/09\/\u672a\u6807\u9898-2_\u753b\u677f-11-scaled.png","width":2560,"height":1075,"caption":"PartsMastery"},"image":{"@id":"https:\/\/partsmastery.com\/#\/schema\/logo\/image\/"}}]}},"_links":{"self":[{"href":"https:\/\/partsmastery.com\/es\/wp-json\/wp\/v2\/pages\/1726","targetHints":{"allow":["GET"]}}],"collection":[{"href":"https:\/\/partsmastery.com\/es\/wp-json\/wp\/v2\/pages"}],"about":[{"href":"https:\/\/partsmastery.com\/es\/wp-json\/wp\/v2\/types\/page"}],"author":[{"embeddable":true,"href":"https:\/\/partsmastery.com\/es\/wp-json\/wp\/v2\/users\/1"}],"replies":[{"embeddable":true,"href":"https:\/\/partsmastery.com\/es\/wp-json\/wp\/v2\/comments?post=1726"}],"version-history":[{"count":14,"href":"https:\/\/partsmastery.com\/es\/wp-json\/wp\/v2\/pages\/1726\/revisions"}],"predecessor-version":[{"id":5624,"href":"https:\/\/partsmastery.com\/es\/wp-json\/wp\/v2\/pages\/1726\/revisions\/5624"}],"up":[{"embeddable":true,"href":"https:\/\/partsmastery.com\/es\/wp-json\/wp\/v2\/pages\/651"}],"wp:attachment":[{"href":"https:\/\/partsmastery.com\/es\/wp-json\/wp\/v2\/media?parent=1726"}],"curies":[{"name":"wp","href":"https:\/\/api.w.org\/{rel}","templated":true}]}}