{"id":2119,"date":"2025-09-19T13:07:11","date_gmt":"2025-09-19T13:07:11","guid":{"rendered":"https:\/\/partsmastery.com\/?page_id=2119"},"modified":"2026-04-03T07:08:32","modified_gmt":"2026-04-03T07:08:32","slug":"acrylic-cnc-machining","status":"publish","type":"page","link":"https:\/\/partsmastery.com\/de\/materials\/cnc-machining-plastics\/acrylic-cnc-machining\/","title":{"rendered":"CNC-Bearbeitung von Acrylglas"},"content":{"rendered":"<div data-elementor-type=\"wp-page\" data-elementor-id=\"2119\" class=\"elementor elementor-2119\" data-elementor-post-type=\"page\">\n\t\t\t\t<div class=\"elementor-element elementor-element-5afe19c e-con-full e-flex e-con e-parent\" data-id=\"5afe19c\" data-element_type=\"container\" data-e-type=\"container\" data-settings=\"{&quot;background_background&quot;:&quot;classic&quot;}\">\n\t\t<div class=\"elementor-element elementor-element-678ceb2 e-flex e-con-boxed e-con e-child\" data-id=\"678ceb2\" data-element_type=\"container\" data-e-type=\"container\">\n\t\t\t\t\t<div class=\"e-con-inner\">\n\t\t\t\t<div class=\"elementor-element elementor-element-d5682bd elementor-widget elementor-widget-pp-breadcrumbs\" data-id=\"d5682bd\" data-element_type=\"widget\" data-e-type=\"widget\" data-settings=\"{&quot;breadcrumbs_type&quot;:&quot;powerpack&quot;}\" data-widget_type=\"pp-breadcrumbs.default\">\n\t\t\t\t\t<ul class=\"pp-breadcrumbs pp-breadcrumbs-powerpack\">\t\t<li class=\"pp-breadcrumbs-item pp-breadcrumbs-item-home\">\n\t\t\t<a class=\"pp-breadcrumbs-crumb pp-breadcrumbs-crumb-link pp-breadcrumbs-crumb-home\" href=\"https:\/\/partsmastery.com\/de\" title=\"Startseite\">\n\t\t\t\t<span class=\"pp-breadcrumbs-text\">\n\t\t\t\t\t\t\t\t\t\t\t<span class=\"pp-icon\">\n\t\t\t\t\t\t\t<svg aria-hidden=\"true\" class=\"e-font-icon-svg e-fas-home\" viewbox=\"0 0 576 512\" xmlns=\"http:\/\/www.w3.org\/2000\/svg\"><path d=\"M280.37 148.26L96 300.11V464a16 16 0 0 0 16 16l112.06-.29a16 16 0 0 0 15.92-16V368a16 16 0 0 1 16-16h64a16 16 0 0 1 16 16v95.64a16 16 0 0 0 16 16.05L464 480a16 16 0 0 0 16-16V300L295.67 148.26a12.19 12.19 0 0 0-15.3 0zM571.6 251.47L488 182.56V44.05a12 12 0 0 0-12-12h-56a12 12 0 0 0-12 12v72.61L318.47 43a48 48 0 0 0-61 0L4.34 251.47a12 12 0 0 0-1.6 16.9l25.5 31A12 12 0 0 0 45.15 301l235.22-193.74a12.19 12.19 0 0 1 15.3 0L530.9 301a12 12 0 0 0 16.9-1.6l25.5-31a12 12 0 0 0-1.7-16.93z\"><\/path><\/svg>\t\t\t\t\t\t<\/span>\n\t\t\t\t\t\t\t\t\t\tStartseite\t\t\t\t<\/span>\n\t\t\t<\/a>\n\t\t<\/li>\n\t\t<li class=\"pp-breadcrumbs-separator\"><span class=\"pp-breadcrumbs-separator-text\">-<\/span><\/li><\/ul>\t\t\t\t<\/div>\n\t\t\t\t\t<\/div>\n\t\t\t\t<\/div>\n\t\t\t\t<\/div>\n\t\t<div class=\"elementor-element elementor-element-2fb0071 e-flex e-con-boxed e-con e-parent\" data-id=\"2fb0071\" data-element_type=\"container\" data-e-type=\"container\">\n\t\t\t\t\t<div class=\"e-con-inner\">\n\t\t\t\t<div class=\"elementor-element elementor-element-f24ffb5 elementor-widget elementor-widget-html\" data-id=\"f24ffb5\" data-element_type=\"widget\" data-e-type=\"widget\" data-widget_type=\"html.default\">\n\t\t\t\t\t  <link rel=\"stylesheet\" href=\"\/static\/css\/swiper.min.css\">    \r\n  <link rel=\"stylesheet\" href=\"\/static\/css\/bootstrap.min.css\">\r\n  <link rel=\"stylesheet\" href=\"\/static\/css\/animate.min.css\">\r\n  <link rel=\"stylesheet\" href=\"\/static\/css\/reset.css\">\r\n  <link rel=\"stylesheet\" href=\"\/static\/css\/common.css\">\r\n    <link href=\"\/static\/css\/page.css\" rel=\"stylesheet\" type=\"text\/css\" \/>\r\n    <link rel=\"stylesheet\" href=\"\/static\/css\/responsive.css\">\r\n  <script src=\"\/static\/js\/jquery.min.js\"><\/script>\r\n  <script src=\"\/static\/js\/jquery.cookie.js\"><\/script> \r\n  <script src=\"\/static\/js\/swiper.min.js\"><\/script>\r\n  <script src=\"\/static\/js\/wow.min.js\"><\/script> \r\n  <script src=\"\/static\/js\/bootstrap.min.js\"><\/script>\r\n  <script src=\"\/static\/js\/function.js\"><\/script>\r\n  \r\n<div class=\"page-content\">\r\n    <div class=\"auto-container content-box\">\r\n        <div class=\"list-content\" style=\"width:100%;\">\r\n            <div class=\"about-info\">\r\n                                <div class=\"row\">\r\n<div class=\"col-xs-12 col-sm-6\">\r\n<h1 style=\"font-size: 42px; text-align: center;\">CNC-Bearbeitung von Acrylglas<\/h1>\r\n\r\n<p>&nbsp;<\/p>\r\n\r\n<p>Acrylglas, abgek\u00fcrzt PMMA, ist ein transparentes thermoplastisches Polymer, das bei weitem die beste Beschaffenheit unter den synthetischen transparenten Materialien aufweist, mit den Vorteilen einer hohen Transparenz, eines niedrigen Preises, einer einfachen mechanischen Verarbeitung usw. Es ist ein alternatives Material zu Glas und kann auch als Plexiglas bezeichnet werden.<\/p>\r\n\r\n<p>&nbsp;<\/p>\r\n\r\n<p>CNC-gefr\u00e4ste Acrylteile werden in jedem Winkel unseres t\u00e4glichen Lebens verwendet. Dazu geh\u00f6ren die Automobilindustrie, medizinische Ger\u00e4te, Unterhaltungselektronik, Maschinen und Anlagen.<\/p>\r\n\r\n<p>&nbsp;<\/p>\r\n\r\n<p style=\"text-align: center;\"><br \/>\r\n<a href=\"\/de\/get-a-quote\/\"><span style=\"color:#FFFFFF;\"><span class=\"btn btn-lg strong\" style=\"background-color: #42acde;\" type=\"button\">Erfahren Sie mehr \u00fcber ABS-Material<\/span><\/span><\/a><\/p>\r\n<\/div>\r\n\r\n<div class=\"col-xs-12 col-sm-6 image-center\" style=\"text-align: center;\"><img decoding=\"async\" alt=\"\" src=\"\/static\/picture\/202303201428567448.jpg\" style=\"width: 68%;\" \/><\/div>\r\n<\/div>\r\n\r\n<p>&nbsp;<\/p>\r\n\r\n<p>&nbsp;<\/p>\r\n\r\n<div class=\"row\">\r\n<h2 style=\"font-size: 32px; text-align: center;\">Die Wahl von Acrylglas f\u00fcr die Fertigung<\/h2>\r\n<\/div>\r\n\r\n<p>&nbsp;<\/p>\r\n\r\n<div class=\"swiper-container swiper-whychooseus swiper-container-horizontal swiper-container-multirow\">\r\n<div class=\"swiper-wrapper\" style=\"width: 1065px;\">\r\n<div class=\"swiper-slide swiper-slide-active\" data-swiper-column=\"0\" data-swiper-row=\"0\" style=\"width: 452.5px; margin-right: 80px;\"><img decoding=\"async\" alt=\"oem parts manufacturer \" src=\"\/static\/picture\/202302101604408072.png\" style=\"width: 50px; height: 50px;\" \/>\r\n<div class=\"textbox\">\r\n<h3 style=\"height:50px;\">Hohe Lichtdurchl\u00e4ssigkeit<\/h3>\r\n\r\n<p>Die Lichtdurchl\u00e4ssigkeit von gew\u00f6hnlichem Glas betr\u00e4gt in der Regel 82-83%, w\u00e4hrend die Lichtdurchl\u00e4ssigkeit von 6mm superwei\u00dfem, transparentem Glas 90%-92% betr\u00e4gt.<\/p>\r\n<\/div>\r\n<\/div>\r\n\r\n<div class=\"swiper-slide swiper-slide-next\" data-swiper-column=\"1\" data-swiper-row=\"0\" style=\"width: 452.5px; margin-right: 80px;\"><img decoding=\"async\" alt=\"oem parts manufacturer \" src=\"\/static\/picture\/202302101607499500.png\" style=\"width: 50px; height: 50px;\" \/>\r\n<div class=\"textbox\">\r\n<h3 style=\"height:50px;\">Geringe Dichte und Lichtqualit\u00e4t<\/h3>\r\n\r\n<p>Acryl geh\u00f6rt zu einem ziemlich leichten Material, die Dichte ist nur 1,17 ~ 1,20g\/cm\u00b3, etwa 50% von gew\u00f6hnlichem Glas, 43% von Metall-Aluminium.<\/p>\r\n<\/div>\r\n<\/div>\r\n\r\n<div class=\"swiper-slide\" data-swiper-column=\"0\" data-swiper-row=\"1\" style=\"margin-top: 80px; width: 452.5px; margin-right: 80px;\"><img decoding=\"async\" alt=\"oem parts manufacturer \" src=\"\/static\/picture\/202302101605454282.png\" style=\"height: 50px; width: 50px;\" \/>\r\n<div class=\"textbox\">\r\n<h3 style=\"height:50px;\">Hohe Schlagfestigkeit<\/h3>\r\n\r\n<p>Ist sechzehn Mal das gew\u00f6hnliche Glas, fast kein Risiko des Bruchs.<\/p>\r\n<\/div>\r\n<\/div>\r\n\r\n<div class=\"swiper-slide\" data-swiper-column=\"1\" data-swiper-row=\"1\" style=\"margin-top: 80px; width: 452.5px; margin-right: 80px;\"><img decoding=\"async\" alt=\"oem parts manufacturer \" src=\"\/static\/picture\/202302101606068407.png\" style=\"width: 50px; height: 50px;\" \/>\r\n<div class=\"textbox\">\r\n<h3 style=\"height:50px;\">Isoliermaterial<\/h3>\r\n\r\n<p>Acryl hat eine ausgezeichnete elektrische Isolierung, in vielen elektronischen Produkten sind auf die kleinen Komponenten Isolator angewendet.<\/p>\r\n<\/div>\r\n<\/div>\r\n<\/div>\r\n\r\n<div class=\"swiper-pagination whychooseus-pagination\">&nbsp;<\/div>\r\n<\/div>\r\n\r\n<p><script> \r\n\t\t\t\t\t\t\t\tvar whychooseus = new Swiper('.swiper-whychooseus', {\r\n\t\t\t\t\t\t\t\t\tautoplay: 5000,\r\n\t\t\t\t\t\t\t\t\tslidesPerView : 2,\r\n\t\t\t\t\t\t\t\t\tslidesPerColumn : 2,\r\n\t\t\t\t\t\t\t\t\tslidesPerColumnFill : 'row',\r\n\t\t\t\t\t\t\t\t\tspaceBetween : 80,\r\n\t\t\t\t\t\t\t\t\tbreakpoints: { \r\n\t\t\t\t\t\t\t\t\t\t640: {\r\n\t\t\t\t\t\t\t\t\t\t\tslidesPerView : 1,\r\n\t\t\t\t\t\t\t\t\t\t\tslidesPerColumn : 2,\r\n\t\t\t\t\t\t\t\t\t\t\tspaceBetween : 0,\r\n\t\t\t\t\t\t\t\t\t\t\tpagination : '.whychooseus-pagination',\r\n\t\t\t\t\t\t\t\t\t\t}\r\n\t\t\t\t\t\t\t\t\t},\r\n\t\t\t\t\t\t\t\t});\r\n\t\t\t\t\t\t\t<\/script><\/p>\r\n\r\n<p>&nbsp;<\/p>\r\n\r\n<p>&nbsp;<\/p>\r\n\r\n<div class=\"row\">\r\n<div class=\"col-xs-12 col-sm-4\">\r\n<div style=\"background-color: rgb(238, 238, 238);\">\r\n<p><span style=\"font-size:36px;\"><span style=\"color:#FFFFFF;\"><span class=\"btn btn-lg strong\" style=\"background-color: rgb(250, 166, 10);\" type=\"button\"><a href=\"\/de\/get-a-quote\/\"><img decoding=\"async\" alt=\"\" src=\"\/static\/picture\/202303201356492421.jpg\" style=\"width: 90%;\" \/><\/a><\/span><\/span><\/span><\/p>\r\n<\/div>\r\n<\/div>\r\n\r\n<div class=\"col-xs-12 col-sm-8\">\r\n<div style=\"background-color: rgb(238, 238, 238);\">\r\n<p style=\"text-align: center;\"><span style=\"font-size:36px;\"><strong>Testen Sie CNCTERMIT jetzt!<\/strong><\/span><\/p>\r\n\r\n<p>&nbsp;<\/p>\r\n\r\n<p>&nbsp;<\/p>\r\n\r\n<p>&nbsp;<\/p>\r\n\r\n<p style=\"text-align: center;\">Als professioneller Hersteller von Acrylteilen k\u00f6nnen wir Ihnen hochwertige Acrylkomponenten und CNC-Bearbeitungsdienstleistungen anbieten, um Ihre Produkte individueller zu gestalten. Personalisierte kundenspezifische Dienstleistungen k\u00f6nnen die Genauigkeit und Perfektion jedes Details gew\u00e4hrleisten. Wenn Sie sich f\u00fcr uns entscheiden, k\u00f6nnen Sie sich auf professionelle Dienstleistungen verlassen und Ihre Produkte auf dem Markt wettbewerbsf\u00e4higer machen.<\/p>\r\n\r\n<p>&nbsp;<\/p>\r\n\r\n<p>&nbsp;<\/p>\r\n\r\n<p>&nbsp;<\/p>\r\n\r\n<p style=\"text-align: center;\"><a href=\"\/de\/get-a-quote\/\"><span style=\"color:#FFFFFF;\"><span class=\"btn btn-lg strong\" style=\"background-color: #42acde;\" type=\"button\">Angebot f\u00fcr Acrylkomponenten<\/span><\/span><\/a><\/p>\r\n<\/div>\r\n<\/div>\r\n<\/div>\r\n\r\n<p>&nbsp;<\/p>\r\n\r\n<p>&nbsp;<\/p>\r\n\r\n<h2 style=\"font-size: 32px; text-align: center;\">Materialeigenschaften von Acryl<\/h2>\r\n\r\n<p>&nbsp;<\/p>\r\n\r\n<p>Unsere Ingenieure verstehen die Leistung von Acrylmaterialien, um sie besser auf das Projekt anwenden zu k\u00f6nnen, was sich positiv auf das Kundenerlebnis auswirkt.<\/p>\r\n\r\n<p>&nbsp;<\/p>\r\n\r\n<div style=\"overflow: auto;\"><table border=\"1\" cellpadding=\"0\" cellspacing=\"0\" style=\"width: 100%;\">\r\n\t<tbody>\r\n\t\t<tr>\r\n\t\t\t<td>&nbsp;<\/td>\r\n\t\t\t<td>ASTM<\/td>\r\n\t\t\t<td>Einheit<\/td>\r\n\t\t\t<td>Wert<\/td>\r\n\t\t<\/tr>\r\n\t\t<tr>\r\n\t\t\t<td>Lichtdurchl\u00e4ssigkeit<\/td>\r\n\t\t\t<td>D1003-61<\/td>\r\n\t\t\t<td>%<\/td>\r\n\t\t\t<td>93<\/td>\r\n\t\t<\/tr>\r\n\t\t<tr>\r\n\t\t\t<td>Brechungsindex<\/td>\r\n\t\t\t<td>D542-50<\/td>\r\n\t\t\t<td>D542-50<\/td>\r\n\t\t\t<td>1.49<\/td>\r\n\t\t<\/tr>\r\n\t\t<tr>\r\n\t\t\t<td>HotFormingTemp<\/td>\r\n\t\t\t<td>&nbsp;<\/td>\r\n\t\t\t<td>\u2103<\/td>\r\n\t\t\t<td>140-180<\/td>\r\n\t\t<\/tr>\r\n\t\t<tr>\r\n\t\t\t<td>W\u00e4rmeVerzerrungTemp<\/td>\r\n\t\t\t<td>&nbsp;<\/td>\r\n\t\t\t<td>\u2103<\/td>\r\n\t\t\t<td>87<\/td>\r\n\t\t<\/tr>\r\n\t\t<tr>\r\n\t\t\t<td>CLTE<\/td>\r\n\t\t\t<td>D696-44<\/td>\r\n\t\t\t<td>Cm\/cm\u2103<\/td>\r\n\t\t\t<td>7.7 x 10-5.<\/td>\r\n\t\t<\/tr>\r\n\t\t<tr>\r\n\t\t\t<td>SpezifischeW\u00e4rme<\/td>\r\n\t\t\t<td>&nbsp;<\/td>\r\n\t\t\t<td>Cal\/gr\u2103<\/td>\r\n\t\t\t<td>0.35<\/td>\r\n\t\t<\/tr>\r\n\t\t<tr>\r\n\t\t\t<td>Spezifische Schwerkraft<\/td>\r\n\t\t\t<td>D792-60T<\/td>\r\n\t\t\t<td>&nbsp;<\/td>\r\n\t\t\t<td>1.2<\/td>\r\n\t\t<\/tr>\r\n\t\t<tr>\r\n\t\t\t<td>Biegefestigkeit&nbsp;<\/td>\r\n\t\t\t<td>ISO 1565<\/td>\r\n\t\t\t<td>MPa<\/td>\r\n\t\t\t<td>nicht weniger als 65<\/td>\r\n\t\t<\/tr>\r\n\t\t<tr>\r\n\t\t\t<td>Scherfestigkeit<\/td>\r\n\t\t\t<td>D638<\/td>\r\n\t\t\t<td>MPa<\/td>\r\n\t\t\t<td>69<\/td>\r\n\t\t<\/tr>\r\n\t\t<tr>\r\n\t\t\t<td>Schlagfestigkeit<\/td>\r\n\t\t\t<td>&nbsp;<\/td>\r\n\t\t\t<td>ft*lb\/in2<\/td>\r\n\t\t\t<td>1<\/td>\r\n\t\t<\/tr>\r\n\t\t<tr>\r\n\t\t\t<td>Rockwell-H\u00e4rte<\/td>\r\n\t\t\t<td>&nbsp;<\/td>\r\n\t\t\t<td>KG\/CM<\/td>\r\n\t\t\t<td>M95<\/td>\r\n\t\t<\/tr>\r\n\t<\/tbody>\r\n<\/table><\/div>\r\n\r\n<p>&nbsp;<\/p>\r\n\r\n<p>&nbsp;<\/p>\r\n\r\n<h2 class=\"h2 text-center\" style=\"font-size: 32px; text-align: center;\">Acryl-Anwendungen<\/h2>\r\n\r\n<p>&nbsp;<\/p>\r\n\r\n<div class=\"row\">\r\n<div class=\"col-xs-12 col-sm-5\">\r\n<p>Acryl Material hat die Vorteile der hohen H\u00e4rte und gute Gl\u00e4tte. Reines, umweltfreundliches, lichtdurchl\u00e4ssiges Acrylglas, nach China Tuofa CNC-Bearbeitung Dienstleistungen, um das Produkt \u00c4sthetik und Hierarchie zu verbessern, diese Pr\u00e4zision Zubeh\u00f6r sind weit verbreitet in der 3C-Bereich, Automobilteile, medizinische Ger\u00e4te, Instrumentierung, pharmazeutische Industrie, petrochemische Industrie verwendet.<\/p>\r\n\r\n<p>&nbsp;<\/p>\r\n\r\n<p><img decoding=\"async\" alt=\"\" src=\"\/static\/picture\/202302091633155307.png\" style=\"width: 15px; height: 15px;\" \/> Engineering: aufgrund seiner hervorragenden Z\u00e4higkeit und H\u00e4rte, f\u00fcr T\u00fcr-und Fenster-Profile, Vord\u00e4cher, Platten, Au\u00dfenwand-Design kann eine gute Lichtdurchl\u00e4ssigkeit und Isolierung.<\/p>\r\n&nbsp;\r\n\r\n<p><img decoding=\"async\" alt=\"\" src=\"\/static\/picture\/202302091633155307.png\" style=\"width: 15px; height: 15px;\" \/> Beleuchtung: Acryl wird f\u00fcr die Konstruktion von LED-Leuchten verwendet, die dazu beitragen, das Licht zu begrenzen. Aufgrund seiner Transparenz und optischen Eigenschaften wird es auch f\u00fcr die Konstruktion von Lichtkomponenten verwendet.<\/p>\r\n&nbsp;\r\n\r\n<p><img decoding=\"async\" alt=\"\" src=\"\/static\/picture\/202302091633155307.png\" style=\"width: 15px; height: 15px;\" \/> Automobilindustrie: Kfz-Teile in das Licht und einfache Funktionen, kann besser zeigen die Sch\u00f6nheit des Fahrzeugs das Aussehen, in Kfz-Fenster, Innen-und Au\u00dfenbereich Platten, Kfz-Blinker Abdeckung verwendet.<\/p>\r\n<\/div>\r\n\r\n<div class=\"col-xs-12 col-sm-7 image-center\"><img decoding=\"async\" alt=\"\" src=\"\/static\/picture\/202303201436307816.png\" style=\"width: 100%;\" \/><\/div>\r\n<\/div>\r\n\r\n<p>&nbsp;<\/p>\r\n\r\n<div class=\"row\">\r\n<div class=\"col-xs-12 col-sm-7 image-center\"><img decoding=\"async\" alt=\"\" src=\"\/static\/picture\/202303201437273610.png\" style=\"width: 100%;\" \/><\/div>\r\n\r\n<div class=\"col-xs-12 col-sm-5\">\r\n<p><img decoding=\"async\" alt=\"\" src=\"\/static\/picture\/202302091633155307.png\" style=\"width: 15px; height: 15px;\" \/> Elektronische Produkte: Hervorragende optische Klarheit, hohe Lichtdurchl\u00e4ssigkeit und Kratzfestigkeit, weit verbreitet in Fernsehern, Laptops, Smartphone-Displays und Displays elektronischer Ger\u00e4te.<\/p>\r\n&nbsp;\r\n\r\n<p><img decoding=\"async\" alt=\"\" src=\"\/static\/picture\/202302091633155307.png\" style=\"width: 15px; height: 15px;\" \/> Energie: ausgezeichnete UV-Best\u00e4ndigkeit und hervorragende Lichtdurchl\u00e4ssigkeit, Acryl wurde auch als ein Solarpanel Abdeckung Material entwickelt, kann dieser Schritt hohe Energieumwandlung Effizienz zu erreichen.<\/p>\r\n&nbsp;\r\n\r\n<p><img decoding=\"async\" alt=\"\" src=\"\/static\/picture\/202302091633155307.png\" style=\"width: 15px; height: 15px;\" \/> Medizinisch: Hohe Reinheit und Sauberkeit, daher wird es zur Herstellung von Inkubatoren, Medikamentenpr\u00fcfger\u00e4ten und Lagerschr\u00e4nken in Krankenh\u00e4usern und Forschungslabors verwendet.<\/p>\r\n&nbsp;\r\n\r\n<p><img decoding=\"async\" alt=\"\" src=\"\/static\/picture\/202302091633155307.png\" style=\"width: 15px; height: 15px;\" \/> M\u00f6bel: langlebig, unzerbrechlich, nach der Oberfl\u00e4chenbehandlung kann eine bessere visuelle Wirkung zu bringen, zu einem beliebten Material f\u00fcr Designer, um Tassen, St\u00fchle, T\u00fcrgriffe zu machen.<br \/>\r\n&nbsp;<\/p>\r\n<\/div>\r\n<\/div>\r\n            <\/div>\r\n            <script>\r\n                if(window.screen.width < 768){\r\n                    $(\".about-info iframe\").css('width','100%');\r\n                    $(\".about-info iframe\").css('height','60vw');\r\n                }\r\n            <\/script>\r\n        <\/div>\r\n    <\/div>\r\n<\/div>\t\t\t\t<\/div>\n\t\t\t\t\t<\/div>\n\t\t\t\t<\/div>\n\t\t\t\t<\/div>","protected":false},"excerpt":{"rendered":"<p>Home &#8211; &nbsp; Acrylic CNC Machining &nbsp; Acrylic, abbreviated as PMMA, is a transparent thermoplastic polymer, which is by far the most excellent texture of synthetic transparent materials, with the advantages of high transparency, low price, easy mechanical processing, etc. It is an alternative material to glass and can also be called plexiglass. &nbsp; CNC [&hellip;]<\/p>\n","protected":false},"author":1,"featured_media":0,"parent":2101,"menu_order":0,"comment_status":"closed","ping_status":"closed","template":"elementor_header_footer","meta":{"_acf_changed":false,"footnotes":""},"class_list":["post-2119","page","type-page","status-publish","hentry"],"blocksy_meta":[],"acf":[],"yoast_head":"<!-- This site is optimized with the Yoast SEO Premium plugin v25.9 (Yoast SEO v27.2) - https:\/\/yoast.com\/product\/yoast-seo-premium-wordpress\/ -->\n<title>Acrylic CNC Machining -PartsMastery<\/title>\n<meta name=\"description\" content=\"PartsMastery Acrylic CNC Machining: custom acrylic cnc machining manufacturer, wholesale transparent pmma parts factory &amp; high clarity acrylic milling turning supplier. 93% light transmittance, M95 hardness.\" \/>\n<meta name=\"robots\" content=\"index, follow, max-snippet:-1, max-image-preview:large, max-video-preview:-1\" \/>\n<link rel=\"canonical\" href=\"https:\/\/partsmastery.com\/de\/materials\/cnc-machining-plastics\/acrylic-cnc-machining\/\" \/>\n<meta property=\"og:locale\" content=\"de_DE\" \/>\n<meta property=\"og:type\" content=\"article\" \/>\n<meta property=\"og:title\" content=\"Acrylic CNC Machining\" \/>\n<meta property=\"og:description\" content=\"PartsMastery Acrylic CNC Machining: custom acrylic cnc machining manufacturer, wholesale transparent pmma parts factory &amp; high clarity acrylic milling turning supplier. 93% light transmittance, M95 hardness.\" \/>\n<meta property=\"og:url\" content=\"https:\/\/partsmastery.com\/de\/materials\/cnc-machining-plastics\/acrylic-cnc-machining\/\" \/>\n<meta property=\"og:site_name\" content=\"PartsMastery\" \/>\n<meta property=\"article:modified_time\" content=\"2026-04-03T07:08:32+00:00\" \/>\n<meta name=\"twitter:card\" content=\"summary_large_image\" \/>\n<meta name=\"twitter:label1\" content=\"Gesch\u00e4tzte Lesezeit\" \/>\n\t<meta name=\"twitter:data1\" content=\"6\u00a0Minuten\" \/>\n<script type=\"application\/ld+json\" class=\"yoast-schema-graph\">{\"@context\":\"https:\/\/schema.org\",\"@graph\":[{\"@type\":\"WebPage\",\"@id\":\"https:\/\/partsmastery.com\/materials\/cnc-machining-plastics\/acrylic-cnc-machining\/\",\"url\":\"https:\/\/partsmastery.com\/materials\/cnc-machining-plastics\/acrylic-cnc-machining\/\",\"name\":\"Acrylic CNC Machining -PartsMastery\",\"isPartOf\":{\"@id\":\"https:\/\/partsmastery.com\/#website\"},\"datePublished\":\"2025-09-19T13:07:11+00:00\",\"dateModified\":\"2026-04-03T07:08:32+00:00\",\"description\":\"PartsMastery Acrylic CNC Machining: custom acrylic cnc machining manufacturer, wholesale transparent pmma parts factory & high clarity acrylic milling turning supplier. 93% light transmittance, M95 hardness.\",\"breadcrumb\":{\"@id\":\"https:\/\/partsmastery.com\/materials\/cnc-machining-plastics\/acrylic-cnc-machining\/#breadcrumb\"},\"inLanguage\":\"de\",\"potentialAction\":[{\"@type\":\"ReadAction\",\"target\":[\"https:\/\/partsmastery.com\/materials\/cnc-machining-plastics\/acrylic-cnc-machining\/\"]}]},{\"@type\":\"BreadcrumbList\",\"@id\":\"https:\/\/partsmastery.com\/materials\/cnc-machining-plastics\/acrylic-cnc-machining\/#breadcrumb\",\"itemListElement\":[{\"@type\":\"ListItem\",\"position\":1,\"name\":\"\u9996\u9875\",\"item\":\"https:\/\/partsmastery.com\/\"},{\"@type\":\"ListItem\",\"position\":2,\"name\":\"Materials\",\"item\":\"https:\/\/partsmastery.com\/materials\/\"},{\"@type\":\"ListItem\",\"position\":3,\"name\":\"CNC Machining Plastics\",\"item\":\"https:\/\/partsmastery.com\/materials\/cnc-machining-plastics\/\"},{\"@type\":\"ListItem\",\"position\":4,\"name\":\"Acrylic CNC Machining\"}]},{\"@type\":\"WebSite\",\"@id\":\"https:\/\/partsmastery.com\/#website\",\"url\":\"https:\/\/partsmastery.com\/\",\"name\":\"PartsMastery\",\"description\":\"\",\"publisher\":{\"@id\":\"https:\/\/partsmastery.com\/#organization\"},\"potentialAction\":[{\"@type\":\"SearchAction\",\"target\":{\"@type\":\"EntryPoint\",\"urlTemplate\":\"https:\/\/partsmastery.com\/?s={search_term_string}\"},\"query-input\":{\"@type\":\"PropertyValueSpecification\",\"valueRequired\":true,\"valueName\":\"search_term_string\"}}],\"inLanguage\":\"de\"},{\"@type\":\"Organization\",\"@id\":\"https:\/\/partsmastery.com\/#organization\",\"name\":\"PartsMastery\",\"url\":\"https:\/\/partsmastery.com\/\",\"logo\":{\"@type\":\"ImageObject\",\"inLanguage\":\"de\",\"@id\":\"https:\/\/partsmastery.com\/#\/schema\/logo\/image\/\",\"url\":\"https:\/\/partsmastery.com\/wp-content\/uploads\/2025\/09\/\u672a\u6807\u9898-2_\u753b\u677f-11-scaled.png\",\"contentUrl\":\"https:\/\/partsmastery.com\/wp-content\/uploads\/2025\/09\/\u672a\u6807\u9898-2_\u753b\u677f-11-scaled.png\",\"width\":2560,\"height\":1075,\"caption\":\"PartsMastery\"},\"image\":{\"@id\":\"https:\/\/partsmastery.com\/#\/schema\/logo\/image\/\"}}]}<\/script>\n<!-- \/ Yoast SEO Premium plugin. -->","yoast_head_json":{"title":"Acrylic CNC Machining -PartsMastery","description":"PartsMastery Acrylic CNC Machining: custom acrylic cnc machining manufacturer, wholesale transparent pmma parts factory & high clarity acrylic milling turning supplier. 93% light transmittance, M95 hardness.","robots":{"index":"index","follow":"follow","max-snippet":"max-snippet:-1","max-image-preview":"max-image-preview:large","max-video-preview":"max-video-preview:-1"},"canonical":"https:\/\/partsmastery.com\/de\/materials\/cnc-machining-plastics\/acrylic-cnc-machining\/","og_locale":"de_DE","og_type":"article","og_title":"Acrylic CNC Machining","og_description":"PartsMastery Acrylic CNC Machining: custom acrylic cnc machining manufacturer, wholesale transparent pmma parts factory & high clarity acrylic milling turning supplier. 93% light transmittance, M95 hardness.","og_url":"https:\/\/partsmastery.com\/de\/materials\/cnc-machining-plastics\/acrylic-cnc-machining\/","og_site_name":"PartsMastery","article_modified_time":"2026-04-03T07:08:32+00:00","twitter_card":"summary_large_image","twitter_misc":{"Gesch\u00e4tzte Lesezeit":"6\u00a0Minuten"},"schema":{"@context":"https:\/\/schema.org","@graph":[{"@type":"WebPage","@id":"https:\/\/partsmastery.com\/materials\/cnc-machining-plastics\/acrylic-cnc-machining\/","url":"https:\/\/partsmastery.com\/materials\/cnc-machining-plastics\/acrylic-cnc-machining\/","name":"Acrylic CNC Machining -PartsMastery","isPartOf":{"@id":"https:\/\/partsmastery.com\/#website"},"datePublished":"2025-09-19T13:07:11+00:00","dateModified":"2026-04-03T07:08:32+00:00","description":"PartsMastery Acrylic CNC Machining: custom acrylic cnc machining manufacturer, wholesale transparent pmma parts factory & high clarity acrylic milling turning supplier. 93% light transmittance, M95 hardness.","breadcrumb":{"@id":"https:\/\/partsmastery.com\/materials\/cnc-machining-plastics\/acrylic-cnc-machining\/#breadcrumb"},"inLanguage":"de","potentialAction":[{"@type":"ReadAction","target":["https:\/\/partsmastery.com\/materials\/cnc-machining-plastics\/acrylic-cnc-machining\/"]}]},{"@type":"BreadcrumbList","@id":"https:\/\/partsmastery.com\/materials\/cnc-machining-plastics\/acrylic-cnc-machining\/#breadcrumb","itemListElement":[{"@type":"ListItem","position":1,"name":"\u9996\u9875","item":"https:\/\/partsmastery.com\/"},{"@type":"ListItem","position":2,"name":"Materials","item":"https:\/\/partsmastery.com\/materials\/"},{"@type":"ListItem","position":3,"name":"CNC Machining Plastics","item":"https:\/\/partsmastery.com\/materials\/cnc-machining-plastics\/"},{"@type":"ListItem","position":4,"name":"Acrylic CNC Machining"}]},{"@type":"WebSite","@id":"https:\/\/partsmastery.com\/#website","url":"https:\/\/partsmastery.com\/","name":"PartsMastery","description":"","publisher":{"@id":"https:\/\/partsmastery.com\/#organization"},"potentialAction":[{"@type":"SearchAction","target":{"@type":"EntryPoint","urlTemplate":"https:\/\/partsmastery.com\/?s={search_term_string}"},"query-input":{"@type":"PropertyValueSpecification","valueRequired":true,"valueName":"search_term_string"}}],"inLanguage":"de"},{"@type":"Organization","@id":"https:\/\/partsmastery.com\/#organization","name":"PartsMastery","url":"https:\/\/partsmastery.com\/","logo":{"@type":"ImageObject","inLanguage":"de","@id":"https:\/\/partsmastery.com\/#\/schema\/logo\/image\/","url":"https:\/\/partsmastery.com\/wp-content\/uploads\/2025\/09\/\u672a\u6807\u9898-2_\u753b\u677f-11-scaled.png","contentUrl":"https:\/\/partsmastery.com\/wp-content\/uploads\/2025\/09\/\u672a\u6807\u9898-2_\u753b\u677f-11-scaled.png","width":2560,"height":1075,"caption":"PartsMastery"},"image":{"@id":"https:\/\/partsmastery.com\/#\/schema\/logo\/image\/"}}]}},"_links":{"self":[{"href":"https:\/\/partsmastery.com\/de\/wp-json\/wp\/v2\/pages\/2119","targetHints":{"allow":["GET"]}}],"collection":[{"href":"https:\/\/partsmastery.com\/de\/wp-json\/wp\/v2\/pages"}],"about":[{"href":"https:\/\/partsmastery.com\/de\/wp-json\/wp\/v2\/types\/page"}],"author":[{"embeddable":true,"href":"https:\/\/partsmastery.com\/de\/wp-json\/wp\/v2\/users\/1"}],"replies":[{"embeddable":true,"href":"https:\/\/partsmastery.com\/de\/wp-json\/wp\/v2\/comments?post=2119"}],"version-history":[{"count":8,"href":"https:\/\/partsmastery.com\/de\/wp-json\/wp\/v2\/pages\/2119\/revisions"}],"predecessor-version":[{"id":5651,"href":"https:\/\/partsmastery.com\/de\/wp-json\/wp\/v2\/pages\/2119\/revisions\/5651"}],"up":[{"embeddable":true,"href":"https:\/\/partsmastery.com\/de\/wp-json\/wp\/v2\/pages\/2101"}],"wp:attachment":[{"href":"https:\/\/partsmastery.com\/de\/wp-json\/wp\/v2\/media?parent=2119"}],"curies":[{"name":"wp","href":"https:\/\/api.w.org\/{rel}","templated":true}]}}